{"id":3252,"date":"2022-07-07T08:45:09","date_gmt":"2022-07-07T06:45:09","guid":{"rendered":"http:\/\/seygo.hgos.hr\/?page_id=3252"},"modified":"2022-07-07T08:52:45","modified_gmt":"2022-07-07T06:52:45","slug":"travelling","status":"publish","type":"page","link":"https:\/\/seygo.hgos.hr\/hr\/travelling\/","title":{"rendered":"Putovanje"},"content":{"rendered":"<div data-elementor-type=\"wp-page\" data-elementor-id=\"3252\" class=\"elementor elementor-3252\">\n\t\t\t\t\t\t<section class=\"elementor-section elementor-top-section elementor-element elementor-element-558577e elementor-section-boxed elementor-section-height-default elementor-section-height-default\" data-id=\"558577e\" data-element_type=\"section\">\n\t\t\t\t\t\t<div class=\"elementor-container elementor-column-gap-default\">\n\t\t\t\t\t<div class=\"elementor-column elementor-col-100 elementor-top-column elementor-element elementor-element-a5deffd\" data-id=\"a5deffd\" data-element_type=\"column\">\n\t\t\t<div class=\"elementor-widget-wrap elementor-element-populated\">\n\t\t\t\t\t\t<div class=\"elementor-element elementor-element-a31bd0e elementor-widget elementor-widget-heading\" data-id=\"a31bd0e\" data-element_type=\"widget\" data-widget_type=\"heading.default\">\n\t\t\t\t<div class=\"elementor-widget-container\">\n\t\t\t\t\t<h2 class=\"elementor-heading-title elementor-size-default\">Putovanje<\/h2>\t\t\t\t<\/div>\n\t\t\t\t<\/div>\n\t\t\t\t\t<\/div>\n\t\t<\/div>\n\t\t\t\t\t<\/div>\n\t\t<\/section>\n\t\t\t\t<section class=\"elementor-section elementor-top-section elementor-element elementor-element-49b0c2a elementor-section-boxed elementor-section-height-default elementor-section-height-default\" data-id=\"49b0c2a\" data-element_type=\"section\">\n\t\t\t\t\t\t<div class=\"elementor-container elementor-column-gap-default\">\n\t\t\t\t\t<div class=\"elementor-column elementor-col-100 elementor-top-column elementor-element elementor-element-a57526a\" data-id=\"a57526a\" data-element_type=\"column\">\n\t\t\t<div class=\"elementor-widget-wrap elementor-element-populated\">\n\t\t\t\t\t\t<div class=\"elementor-element elementor-element-faa99ce elementor-widget elementor-widget-text-editor\" data-id=\"faa99ce\" data-element_type=\"widget\" data-widget_type=\"text-editor.default\">\n\t\t\t\t<div class=\"elementor-widget-container\">\n\t\t\t\t\t\t\t\t\t<ul><li>Do Zaostroga se mo\u017ee do\u0107i autocestom A1 (izlaz Zagvozd), kroz tunel Sv. Ilija, nakon \u010dega slijedi kratka vo\u017enja Jadranskom magistralom.<\/li><li>Zra\u010dna luka Split dobro je povezana s europskim zra\u010dnim lukama. Neki jeftini avio-prijevoznici imaju ljetne sezonske letove za Split. Udaljenost od autobusnog kolodvora u Splitu do Zaostroga je oko 100 km. <b>Ljetni letovi za Split su vrlo tra\u017eeni i treba ih rezervirati vrlo rano<\/b>.<\/li><li>Najjednostavniji put od Zra\u010dne luke Split je <a href=\"https:\/\/plesoprijevoz.hr\/en\/split-croatia\/\" target=\"_blank\" rel=\"noopener\">Shuttle Transfer to Split Bus Station <\/a>(ticket: 45 HRK = 6 EUR)<\/li><li>Udaljenost od autobusne stanice u Splitu do Zaostroga je 100 km i nema puno direktnih linija. Zbog toba <b>uzmite autobus za Makarsku<\/b> i javite se organizatoru.\u00a0<\/li><li><span style=\"font-size: 16px;\">Detalji vezani uz Covid-19 bit \u0107e a\u017eurirani na na\u0161im stranicama:\u00a0<\/span><a style=\"font-size: 16px; background-color: #f7f7f7;\" href=\"http:\/\/seygo.hgos.hr\/hr\/health\/\">Zdravlje<\/a><\/li><\/ul>\t\t\t\t\t\t\t\t<\/div>\n\t\t\t\t<\/div>\n\t\t\t\t<section class=\"elementor-section elementor-inner-section elementor-element elementor-element-c3808a5 elementor-section-boxed elementor-section-height-default elementor-section-height-default\" data-id=\"c3808a5\" data-element_type=\"section\">\n\t\t\t\t\t\t<div class=\"elementor-container elementor-column-gap-default\">\n\t\t\t\t\t<div class=\"elementor-column elementor-col-50 elementor-inner-column elementor-element elementor-element-953f4fe\" data-id=\"953f4fe\" data-element_type=\"column\">\n\t\t\t<div class=\"elementor-widget-wrap elementor-element-populated\">\n\t\t\t\t\t\t<div class=\"elementor-element elementor-element-7f59205 elementor-widget elementor-widget-heading\" data-id=\"7f59205\" data-element_type=\"widget\" data-widget_type=\"heading.default\">\n\t\t\t\t<div class=\"elementor-widget-container\">\n\t\t\t\t\t<h2 class=\"elementor-heading-title elementor-size-default\">Valuta<\/h2>\t\t\t\t<\/div>\n\t\t\t\t<\/div>\n\t\t\t\t<div class=\"elementor-element elementor-element-ae4554c elementor-widget elementor-widget-text-editor\" data-id=\"ae4554c\" data-element_type=\"widget\" data-widget_type=\"text-editor.default\">\n\t\t\t\t<div class=\"elementor-widget-container\">\n\t\t\t\t\t\t\t\t\t<p>Hrvatska valuta se zove \"<strong>kuna<\/strong>&#8221; (<strong>HRK<\/strong>). Te\u010daj je pribli\u017eno <strong>1 EUR = 7,60 HRK<\/strong>. Kune se mogu kupiti u banci ili po\u0161ti.\u00a0<\/p>\t\t\t\t\t\t\t\t<\/div>\n\t\t\t\t<\/div>\n\t\t\t\t<div class=\"elementor-element elementor-element-48d519c elementor-widget elementor-widget-heading\" data-id=\"48d519c\" data-element_type=\"widget\" data-widget_type=\"heading.default\">\n\t\t\t\t<div class=\"elementor-widget-container\">\n\t\t\t\t\t<h2 class=\"elementor-heading-title elementor-size-default\">Struja<\/h2>\t\t\t\t<\/div>\n\t\t\t\t<\/div>\n\t\t\t\t<div class=\"elementor-element elementor-element-78b34d8 elementor-widget elementor-widget-text-editor\" data-id=\"78b34d8\" data-element_type=\"widget\" data-widget_type=\"text-editor.default\">\n\t\t\t\t<div class=\"elementor-widget-container\">\n\t\t\t\t\t\t\t\t\t<p>Hrvatska koristi napon 230 V, 50 Hz. Posjetitelji iz Ujedinjenog Kraljevstva trebaju adapter.<\/p>\t\t\t\t\t\t\t\t<\/div>\n\t\t\t\t<\/div>\n\t\t\t\t\t<\/div>\n\t\t<\/div>\n\t\t\t\t<div class=\"elementor-column elementor-col-50 elementor-inner-column elementor-element elementor-element-9eeabf9\" data-id=\"9eeabf9\" data-element_type=\"column\">\n\t\t\t<div class=\"elementor-widget-wrap elementor-element-populated\">\n\t\t\t\t\t\t<div class=\"elementor-element elementor-element-590a002 elementor-widget elementor-widget-heading\" data-id=\"590a002\" data-element_type=\"widget\" data-widget_type=\"heading.default\">\n\t\t\t\t<div class=\"elementor-widget-container\">\n\t\t\t\t\t<h2 class=\"elementor-heading-title elementor-size-default\">Vrijeme<\/h2>\t\t\t\t<\/div>\n\t\t\t\t<\/div>\n\t\t\t\t<div class=\"elementor-element elementor-element-f3b2a89 elementor-widget elementor-widget-text-editor\" data-id=\"f3b2a89\" data-element_type=\"widget\" data-widget_type=\"text-editor.default\">\n\t\t\t\t<div class=\"elementor-widget-container\">\n\t\t\t\t\t\t\t\t\t<p>Za vrijeme festivala, o\u010dekujemo ugodno toplo i sun\u010dano vrijeme, optimalno za kupanje u kristalno \u010distom moru.<\/p>\t\t\t\t\t\t\t\t<\/div>\n\t\t\t\t<\/div>\n\t\t\t\t<div class=\"elementor-element elementor-element-f88c49b elementor-widget elementor-widget-heading\" data-id=\"f88c49b\" data-element_type=\"widget\" data-widget_type=\"heading.default\">\n\t\t\t\t<div class=\"elementor-widget-container\">\n\t\t\t\t\t<h2 class=\"elementor-heading-title elementor-size-default\">Voda<\/h2>\t\t\t\t<\/div>\n\t\t\t\t<\/div>\n\t\t\t\t<div class=\"elementor-element elementor-element-e117186 elementor-widget elementor-widget-text-editor\" data-id=\"e117186\" data-element_type=\"widget\" data-widget_type=\"text-editor.default\">\n\t\t\t\t<div class=\"elementor-widget-container\">\n\t\t\t\t\t\t\t\t\t<p>Voda iz vodovoda je pitka, tako da nema potrebe za kupovanje vode u trgovini.<\/p>\t\t\t\t\t\t\t\t<\/div>\n\t\t\t\t<\/div>\n\t\t\t\t\t<\/div>\n\t\t<\/div>\n\t\t\t\t\t<\/div>\n\t\t<\/section>\n\t\t\t\t\t<\/div>\n\t\t<\/div>\n\t\t\t\t\t<\/div>\n\t\t<\/section>\n\t\t\t\t<section class=\"elementor-section elementor-top-section elementor-element elementor-element-7a639e5 elementor-section-boxed elementor-section-height-default elementor-section-height-default\" data-id=\"7a639e5\" data-element_type=\"section\">\n\t\t\t\t\t\t<div class=\"elementor-container elementor-column-gap-default\">\n\t\t\t\t\t<div class=\"elementor-column elementor-col-100 elementor-top-column elementor-element elementor-element-a3a821a\" data-id=\"a3a821a\" data-element_type=\"column\">\n\t\t\t<div class=\"elementor-widget-wrap elementor-element-populated\">\n\t\t\t\t\t\t<section class=\"elementor-section elementor-inner-section elementor-element elementor-element-3a0101a elementor-section-boxed elementor-section-height-default elementor-section-height-default\" data-id=\"3a0101a\" data-element_type=\"section\">\n\t\t\t\t\t\t<div class=\"elementor-container elementor-column-gap-default\">\n\t\t\t\t\t<div class=\"elementor-column elementor-col-50 elementor-inner-column elementor-element elementor-element-b296481\" data-id=\"b296481\" data-element_type=\"column\">\n\t\t\t<div class=\"elementor-widget-wrap elementor-element-populated\">\n\t\t\t\t\t\t<div class=\"elementor-element elementor-element-bfc3fec elementor-widget elementor-widget-wp-widget-astra-widget-address\" data-id=\"bfc3fec\" data-element_type=\"widget\" data-widget_type=\"wp-widget-astra-widget-address.default\">\n\t\t\t\t<div class=\"elementor-widget-container\">\n\t\t\t\t\t<h5>Adresa:<\/h5>\t\t\t\n\t\t\t<div class=\"address clearfix\">\n\t\t\t\t<address class=\"widget-address widget-address-stack widget-address-icons-1\">\n\n\t\t\t\t\t\t\t\t\t\t\t<div class=\"widget-address-field\">\n\t\t\t\t\t\t\t\t\t\t\t\t\t\t\t\t\t\t\t\t\t\t\t\t\t<svg xmlns=\"http:\/\/www.w3.org\/2000\/svg\" class=\"address-icons\" width=\"15px\" height=\"15px\" viewbox=\"0 0 496 512\"><path d=\"M336.5 160C322 70.7 287.8 8 248 8s-74 62.7-88.5 152h177zM152 256c0 22.2 1.2 43.5 3.3 64h185.3c2.1-20.5 3.3-41.8 3.3-64s-1.2-43.5-3.3-64H155.3c-2.1 20.5-3.3 41.8-3.3 64zm324.7-96c-28.6-67.9-86.5-120.4-158-141.6 24.4 33.8 41.2 84.7 50 141.6h108zM177.2 18.4C105.8 39.6 47.8 92.1 19.3 160h108c8.7-56.9 25.5-107.8 49.9-141.6zM487.4 192H372.7c2.1 21 3.3 42.5 3.3 64s-1.2 43-3.3 64h114.6c5.5-20.5 8.6-41.8 8.6-64s-3.1-43.5-8.5-64zM120 256c0-21.5 1.2-43 3.3-64H8.6C3.2 212.5 0 233.8 0 256s3.2 43.5 8.6 64h114.6c-2-21-3.2-42.5-3.2-64zm39.5 96c14.5 89.3 48.7 152 88.5 152s74-62.7 88.5-152h-177zm159.3 141.6c71.4-21.2 129.4-73.7 158-141.6h-108c-8.8 56.9-25.6 107.8-50 141.6zM19.3 352c28.6 67.9 86.5 120.4 158 141.6-24.4-33.8-41.2-84.7-50-141.6h-108z\"><\/path>\n\t\t\t\t\t\t\t\t\t<\/svg>\n\t\t\t\t\t\t\t\t\t\t\t\t\t\t<span class=\"address-meta\">Obala hrvatskih domoljuba 37, HR-21334 Zaostrog, Croatia<\/span>\n\t\t\t\t\t\t<\/div>\n\t\t\t\t\t\t\t\t\t\t\t\t\t\t\t\t\t\t\t\t\t\t\t\t<\/address>\n\t\t\t<\/div>\n\n\t\t\t\t\t\t\t<\/div>\n\t\t\t\t<\/div>\n\t\t\t\t\t<\/div>\n\t\t<\/div>\n\t\t\t\t<div class=\"elementor-column elementor-col-50 elementor-inner-column elementor-element elementor-element-491c698\" data-id=\"491c698\" data-element_type=\"column\">\n\t\t\t<div class=\"elementor-widget-wrap elementor-element-populated\">\n\t\t\t\t\t\t<div class=\"elementor-element elementor-element-d9ac098 elementor-widget elementor-widget-google_maps\" data-id=\"d9ac098\" data-element_type=\"widget\" data-widget_type=\"google_maps.default\">\n\t\t\t\t<div class=\"elementor-widget-container\">\n\t\t\t\t\t\t\t<div class=\"elementor-custom-embed\">\n\t\t\t<iframe loading=\"lazy\"\n\t\t\t\t\tsrc=\"https:\/\/maps.google.com\/maps?q=hostel%20zaostrog%2C%20Zaostrog&#038;t=m&#038;z=14&#038;output=embed&#038;iwloc=near\"\n\t\t\t\t\ttitle=\"hostel zaostrog, Zaostrog\"\n\t\t\t\t\taria-label=\"hostel zaostrog, Zaostrog\"\n\t\t\t><\/iframe>\n\t\t<\/div>\n\t\t\t\t\t\t<\/div>\n\t\t\t\t<\/div>\n\t\t\t\t\t<\/div>\n\t\t<\/div>\n\t\t\t\t\t<\/div>\n\t\t<\/section>\n\t\t\t\t\t<\/div>\n\t\t<\/div>\n\t\t\t\t\t<\/div>\n\t\t<\/section>\n\t\t\t\t<\/div>","protected":false},"excerpt":{"rendered":"<p>Traveling information Zaostrog can be reached by highway A1 (exit Zagvozd), passing through the tunnel with a short drive along coast. The Split Airport is well connected with many European airports. Some low-cost airlines include Split as the destination. Summer flights to Split are very popular and should be reserved well in advance. The simplest [&hellip;]<\/p>","protected":false},"author":1,"featured_media":0,"parent":0,"menu_order":0,"comment_status":"closed","ping_status":"closed","template":"","meta":{"site-sidebar-layout":"no-sidebar","site-content-layout":"page-builder","ast-site-content-layout":"default","site-content-style":"default","site-sidebar-style":"default","ast-global-header-display":"","ast-banner-title-visibility":"","ast-main-header-display":"","ast-hfb-above-header-display":"","ast-hfb-below-header-display":"","ast-hfb-mobile-header-display":"","site-post-title":"disabled","ast-breadcrumbs-content":"","ast-featured-img":"disabled","footer-sml-layout":"","ast-disable-related-posts":"","theme-transparent-header-meta":"default","adv-header-id-meta":"","stick-header-meta":"","header-above-stick-meta":"","header-main-stick-meta":"","header-below-stick-meta":"","astra-migrate-meta-layouts":"default","ast-page-background-enabled":"default","ast-page-background-meta":{"desktop":{"background-color":"","background-image":"","background-repeat":"repeat","background-position":"center center","background-size":"auto","background-attachment":"scroll","background-type":"","background-media":"","overlay-type":"","overlay-color":"","overlay-opacity":"","overlay-gradient":""},"tablet":{"background-color":"","background-image":"","background-repeat":"repeat","background-position":"center center","background-size":"auto","background-attachment":"scroll","background-type":"","background-media":"","overlay-type":"","overlay-color":"","overlay-opacity":"","overlay-gradient":""},"mobile":{"background-color":"","background-image":"","background-repeat":"repeat","background-position":"center center","background-size":"auto","background-attachment":"scroll","background-type":"","background-media":"","overlay-type":"","overlay-color":"","overlay-opacity":"","overlay-gradient":""}},"ast-content-background-meta":{"desktop":{"background-color":"var(--ast-global-color-5)","background-image":"","background-repeat":"repeat","background-position":"center center","background-size":"auto","background-attachment":"scroll","background-type":"","background-media":"","overlay-type":"","overlay-color":"","overlay-opacity":"","overlay-gradient":""},"tablet":{"background-color":"var(--ast-global-color-5)","background-image":"","background-repeat":"repeat","background-position":"center center","background-size":"auto","background-attachment":"scroll","background-type":"","background-media":"","overlay-type":"","overlay-color":"","overlay-opacity":"","overlay-gradient":""},"mobile":{"background-color":"var(--ast-global-color-5)","background-image":"","background-repeat":"repeat","background-position":"center center","background-size":"auto","background-attachment":"scroll","background-type":"","background-media":"","overlay-type":"","overlay-color":"","overlay-opacity":"","overlay-gradient":""}},"footnotes":""},"class_list":["post-3252","page","type-page","status-publish","hentry"],"_links":{"self":[{"href":"https:\/\/seygo.hgos.hr\/hr\/wp-json\/wp\/v2\/pages\/3252","targetHints":{"allow":["GET"]}}],"collection":[{"href":"https:\/\/seygo.hgos.hr\/hr\/wp-json\/wp\/v2\/pages"}],"about":[{"href":"https:\/\/seygo.hgos.hr\/hr\/wp-json\/wp\/v2\/types\/page"}],"author":[{"embeddable":true,"href":"https:\/\/seygo.hgos.hr\/hr\/wp-json\/wp\/v2\/users\/1"}],"replies":[{"embeddable":true,"href":"https:\/\/seygo.hgos.hr\/hr\/wp-json\/wp\/v2\/comments?post=3252"}],"version-history":[{"count":0,"href":"https:\/\/seygo.hgos.hr\/hr\/wp-json\/wp\/v2\/pages\/3252\/revisions"}],"wp:attachment":[{"href":"https:\/\/seygo.hgos.hr\/hr\/wp-json\/wp\/v2\/media?parent=3252"}],"curies":[{"name":"wp","href":"https:\/\/api.w.org\/{rel}","templated":true}]}}