{"id":1298,"date":"2020-03-09T18:14:35","date_gmt":"2020-03-09T16:14:35","guid":{"rendered":"https:\/\/seygo.hgos.hr\/?page_id=1298"},"modified":"2025-05-01T20:07:08","modified_gmt":"2025-05-01T18:07:08","slug":"prices","status":"publish","type":"page","link":"https:\/\/seygo.hgos.hr\/hr\/prices\/","title":{"rendered":"Cijene"},"content":{"rendered":"<div data-elementor-type=\"wp-page\" data-elementor-id=\"1298\" class=\"elementor elementor-1298\">\n\t\t\t\t\t\t<section class=\"elementor-section elementor-top-section elementor-element elementor-element-558577e elementor-section-boxed elementor-section-height-default elementor-section-height-default\" data-id=\"558577e\" data-element_type=\"section\">\n\t\t\t\t\t\t<div class=\"elementor-container elementor-column-gap-default\">\n\t\t\t\t\t<div class=\"elementor-column elementor-col-100 elementor-top-column elementor-element elementor-element-a5deffd\" data-id=\"a5deffd\" data-element_type=\"column\">\n\t\t\t<div class=\"elementor-widget-wrap elementor-element-populated\">\n\t\t\t\t\t\t<div class=\"elementor-element elementor-element-44ebc36 elementor-widget elementor-widget-heading\" data-id=\"44ebc36\" data-element_type=\"widget\" data-widget_type=\"heading.default\">\n\t\t\t\t<div class=\"elementor-widget-container\">\n\t\t\t\t\t<h2 class=\"elementor-heading-title elementor-size-default\">Cijene<\/h2>\t\t\t\t<\/div>\n\t\t\t\t<\/div>\n\t\t\t\t<div class=\"elementor-element elementor-element-c7045b3 elementor-widget elementor-widget-text-editor\" data-id=\"c7045b3\" data-element_type=\"widget\" data-widget_type=\"text-editor.default\">\n\t\t\t\t<div class=\"elementor-widget-container\">\n\t\t\t\t\t\t\t\t\t<ul>\n<li>SEYGO Summer Go Festival will be organized in the Hostel Zaostrog (like in 2019, 2022, 2023, and in 2024), in a friendly and safe environment of the Restaurant Terrace (<a href=\"http:\/\/seygo.hgos.hr\/hr\/gallery\/\" target=\"_blank\" rel=\"noopener\">pogledajte slike<\/a>).<\/li>\n<li>Za sudionike Ljetnog go festivala na raspolaganju su sobe s 2, 3, 4 i 5 kreveta.<\/li>\n<li>Cijena od <b>411,00 EUR<\/b> uklju\u010duje<strong>&nbsp;full-board for 7 days (48 EUR x 7 days = 336,00 EUR) plus 75,00 EUR in cash for all camp activities (including the entry fee for both SEYGO tournament and Zaostrog Rapid Tournament and the T-Shirt).<\/strong><\/li>\n<li><b>Note:&nbsp;<\/b>The price of accommodation is reduced by 30% for children younger than 10 years on August 13, 2025..&nbsp;<\/li>\n<li>Za sudionike koji nisu smje\u0161teni u hostelu Zaostrog, <b style=\"font-style: inherit;\">the fee for camp activities is 60 EUR<\/b><span style=\"font-size: 16px;\">, <\/span><b style=\"font-style: inherit;\">the fee for SEYGO tournament is 20 EUR, the fee for Zaostrog Rapid is 10 EUR (under 18).<\/b><\/li>\n<li>Obavezno ozna\u010diti jednu od punu\u0111enih opcija za smje\u0161taj u prijavnom obrascu.<\/li>\n<li>The Hostel Zaostrog usually expects the advance payment of 20% of total cost by 1st August 2025.&nbsp;<\/li>\n<\/ul>\t\t\t\t\t\t\t\t<\/div>\n\t\t\t\t<\/div>\n\t\t\t\t\t<\/div>\n\t\t<\/div>\n\t\t\t\t\t<\/div>\n\t\t<\/section>\n\t\t\t\t<section class=\"elementor-section elementor-top-section elementor-element elementor-element-7a639e5 elementor-section-boxed elementor-section-height-default elementor-section-height-default\" data-id=\"7a639e5\" data-element_type=\"section\">\n\t\t\t\t\t\t<div class=\"elementor-container elementor-column-gap-default\">\n\t\t\t\t\t<div class=\"elementor-column elementor-col-100 elementor-top-column elementor-element elementor-element-a3a821a\" data-id=\"a3a821a\" data-element_type=\"column\">\n\t\t\t<div class=\"elementor-widget-wrap\">\n\t\t\t\t\t\t\t<\/div>\n\t\t<\/div>\n\t\t\t\t\t<\/div>\n\t\t<\/section>\n\t\t\t\t<\/div>","protected":false},"excerpt":{"rendered":"<p>Prices SEYGO Summer Go Festival will be organized in the Hostel Zaostrog (like in 2019, 2022, 2023, and in 2024), in a friendly and safe environment of the Restaurant Terrace (see the pictures). For the participants of the Summer Go Festival accommodation in Hostel Zaostrog is offered in rooms with 2, 3, 4 and 5 [&hellip;]<\/p>","protected":false},"author":1,"featured_media":0,"parent":0,"menu_order":0,"comment_status":"closed","ping_status":"closed","template":"","meta":{"site-sidebar-layout":"no-sidebar","site-content-layout":"page-builder","ast-site-content-layout":"default","site-content-style":"default","site-sidebar-style":"default","ast-global-header-display":"","ast-banner-title-visibility":"","ast-main-header-display":"","ast-hfb-above-header-display":"","ast-hfb-below-header-display":"","ast-hfb-mobile-header-display":"","site-post-title":"disabled","ast-breadcrumbs-content":"","ast-featured-img":"disabled","footer-sml-layout":"","ast-disable-related-posts":"","theme-transparent-header-meta":"default","adv-header-id-meta":"","stick-header-meta":"","header-above-stick-meta":"","header-main-stick-meta":"","header-below-stick-meta":"","astra-migrate-meta-layouts":"default","ast-page-background-enabled":"default","ast-page-background-meta":{"desktop":{"background-color":"","background-image":"","background-repeat":"repeat","background-position":"center center","background-size":"auto","background-attachment":"scroll","background-type":"","background-media":"","overlay-type":"","overlay-color":"","overlay-opacity":"","overlay-gradient":""},"tablet":{"background-color":"","background-image":"","background-repeat":"repeat","background-position":"center center","background-size":"auto","background-attachment":"scroll","background-type":"","background-media":"","overlay-type":"","overlay-color":"","overlay-opacity":"","overlay-gradient":""},"mobile":{"background-color":"","background-image":"","background-repeat":"repeat","background-position":"center center","background-size":"auto","background-attachment":"scroll","background-type":"","background-media":"","overlay-type":"","overlay-color":"","overlay-opacity":"","overlay-gradient":""}},"ast-content-background-meta":{"desktop":{"background-color":"var(--ast-global-color-5)","background-image":"","background-repeat":"repeat","background-position":"center center","background-size":"auto","background-attachment":"scroll","background-type":"","background-media":"","overlay-type":"","overlay-color":"","overlay-opacity":"","overlay-gradient":""},"tablet":{"background-color":"var(--ast-global-color-5)","background-image":"","background-repeat":"repeat","background-position":"center center","background-size":"auto","background-attachment":"scroll","background-type":"","background-media":"","overlay-type":"","overlay-color":"","overlay-opacity":"","overlay-gradient":""},"mobile":{"background-color":"var(--ast-global-color-5)","background-image":"","background-repeat":"repeat","background-position":"center center","background-size":"auto","background-attachment":"scroll","background-type":"","background-media":"","overlay-type":"","overlay-color":"","overlay-opacity":"","overlay-gradient":""}},"footnotes":""},"class_list":["post-1298","page","type-page","status-publish","hentry"],"_links":{"self":[{"href":"https:\/\/seygo.hgos.hr\/hr\/wp-json\/wp\/v2\/pages\/1298","targetHints":{"allow":["GET"]}}],"collection":[{"href":"https:\/\/seygo.hgos.hr\/hr\/wp-json\/wp\/v2\/pages"}],"about":[{"href":"https:\/\/seygo.hgos.hr\/hr\/wp-json\/wp\/v2\/types\/page"}],"author":[{"embeddable":true,"href":"https:\/\/seygo.hgos.hr\/hr\/wp-json\/wp\/v2\/users\/1"}],"replies":[{"embeddable":true,"href":"https:\/\/seygo.hgos.hr\/hr\/wp-json\/wp\/v2\/comments?post=1298"}],"version-history":[{"count":0,"href":"https:\/\/seygo.hgos.hr\/hr\/wp-json\/wp\/v2\/pages\/1298\/revisions"}],"wp:attachment":[{"href":"https:\/\/seygo.hgos.hr\/hr\/wp-json\/wp\/v2\/media?parent=1298"}],"curies":[{"name":"wp","href":"https:\/\/api.w.org\/{rel}","templated":true}]}}