{"id":1115,"date":"2020-02-23T15:04:55","date_gmt":"2020-02-23T15:04:55","guid":{"rendered":"https:\/\/seygo.hgos.hr\/?page_id=1115"},"modified":"2024-07-10T09:36:50","modified_gmt":"2024-07-10T07:36:50","slug":"excursions","status":"publish","type":"page","link":"https:\/\/seygo.hgos.hr\/hr\/excursions\/","title":{"rendered":"Izleti"},"content":{"rendered":"<div data-elementor-type=\"wp-page\" data-elementor-id=\"1115\" class=\"elementor elementor-1115\">\n\t\t\t\t\t\t<section class=\"elementor-section elementor-top-section elementor-element elementor-element-4751956 elementor-section-boxed elementor-section-height-default elementor-section-height-default\" data-id=\"4751956\" data-element_type=\"section\">\n\t\t\t\t\t\t<div class=\"elementor-container elementor-column-gap-default\">\n\t\t\t\t\t<div class=\"elementor-column elementor-col-100 elementor-top-column elementor-element elementor-element-eb58bc2\" data-id=\"eb58bc2\" data-element_type=\"column\">\n\t\t\t<div class=\"elementor-widget-wrap elementor-element-populated\">\n\t\t\t\t\t\t<div class=\"elementor-element elementor-element-89559e4 elementor-widget elementor-widget-heading\" data-id=\"89559e4\" data-element_type=\"widget\" data-widget_type=\"heading.default\">\n\t\t\t\t<div class=\"elementor-widget-container\">\n\t\t\t\t\t<h2 class=\"elementor-heading-title elementor-size-default\">Izleti<\/h2>\t\t\t\t<\/div>\n\t\t\t\t<\/div>\n\t\t\t\t\t<\/div>\n\t\t<\/div>\n\t\t\t\t\t<\/div>\n\t\t<\/section>\n\t\t\t\t<section class=\"elementor-section elementor-top-section elementor-element elementor-element-eb44cf1 elementor-section-boxed elementor-section-height-default elementor-section-height-default\" data-id=\"eb44cf1\" data-element_type=\"section\">\n\t\t\t\t\t\t<div class=\"elementor-container elementor-column-gap-default\">\n\t\t\t\t\t<div class=\"elementor-column elementor-col-100 elementor-top-column elementor-element elementor-element-59029e7\" data-id=\"59029e7\" data-element_type=\"column\">\n\t\t\t<div class=\"elementor-widget-wrap elementor-element-populated\">\n\t\t\t\t\t\t<div class=\"elementor-element elementor-element-4ac90c6 elementor-widget elementor-widget-text-editor\" data-id=\"4ac90c6\" data-element_type=\"widget\" data-widget_type=\"text-editor.default\">\n\t\t\t\t<div class=\"elementor-widget-container\">\n\t\t\t\t\t\t\t\t\t<p>Nakon \u0161to pro\u010ditate opise izleta, mo\u0107i \u0107ete rezervirati svoje mjesto ...<\/p>\t\t\t\t\t\t\t\t<\/div>\n\t\t\t\t<\/div>\n\t\t\t\t<section class=\"elementor-section elementor-inner-section elementor-element elementor-element-64afada elementor-section-boxed elementor-section-height-default elementor-section-height-default\" data-id=\"64afada\" data-element_type=\"section\">\n\t\t\t\t\t\t<div class=\"elementor-container elementor-column-gap-default\">\n\t\t\t\t\t<div class=\"elementor-column elementor-col-50 elementor-inner-column elementor-element elementor-element-1449865\" data-id=\"1449865\" data-element_type=\"column\">\n\t\t\t<div class=\"elementor-widget-wrap elementor-element-populated\">\n\t\t\t\t\t\t<div class=\"elementor-element elementor-element-5b2c078 elementor-widget elementor-widget-heading\" data-id=\"5b2c078\" data-element_type=\"widget\" data-widget_type=\"heading.default\">\n\t\t\t\t<div class=\"elementor-widget-container\">\n\t\t\t\t\t<h2 class=\"elementor-heading-title elementor-size-default\">Nebeska \u0161etnica Biokovo<\/h2>\t\t\t\t<\/div>\n\t\t\t\t<\/div>\n\t\t\t\t<div class=\"elementor-element elementor-element-4e67053 elementor-widget elementor-widget-text-editor\" data-id=\"4e67053\" data-element_type=\"widget\" data-widget_type=\"text-editor.default\">\n\t\t\t\t<div class=\"elementor-widget-container\">\n\t\t\t\t\t\t\t\t\t<p>\u201eNebeska \u0161etnica \u2013 Skywalk Biokovo\u201c je vidikovac obliku potkove izvan litice sa staklenom plohom za hodanje. Nalazi se u jugozapadnom dijelu Parka prirode Biokovo na 13. km biokovske ceste i neposredno uz info - centar, na visini od 1228 metara nad morem gdje vladaju specifi\u010dni vremenski uvjeti. Pored njega nalazi se geolo\u0161ki stup - trodimenzionalan prikaz presjeka stijena koje su formirale podru\u010dje Biokova od njegovog postanka do danas s geolo\u0161kom tablicom vremena i opisom starosti i vrsta stijena. Vidikovac ima mogu\u0107nost primanja do 30 posjetitelja u isto vrijeme. Do vidikovca Ravna vla\u0161ka i Skywalka posjetitelji dolaze tzv. biokovskom cestom, koja vodi od glavnog ulaza u Park prirode Biokovo na dr\u017eavnoj cesti D512 (Makarska-Vrgorac) prema najvi\u0161em vrhu Svetom Juri.<\/p>\t\t\t\t\t\t\t\t<\/div>\n\t\t\t\t<\/div>\n\t\t\t\t<div class=\"elementor-element elementor-element-9c080a4 elementor-widget elementor-widget-text-editor\" data-id=\"9c080a4\" data-element_type=\"widget\" data-widget_type=\"text-editor.default\">\n\t\t\t\t<div class=\"elementor-widget-container\">\n\t\t\t\t\t\t\t\t\t<p><strong>Mre\u017ena stranica<\/strong> (na engleskom i hrvatskom) <a href=\"https:\/\/pp-biokovo.hr\/en\/655\/notice-skywalk-biokovo\">Biokovo Skywalk<\/a><\/p>\t\t\t\t\t\t\t\t<\/div>\n\t\t\t\t<\/div>\n\t\t\t\t<div class=\"elementor-element elementor-element-f594f27 elementor-widget elementor-widget-text-editor\" data-id=\"f594f27\" data-element_type=\"widget\" data-widget_type=\"text-editor.default\">\n\t\t\t\t<div class=\"elementor-widget-container\">\n\t\t\t\t\t\t\t\t\t<p><strong>Kada?<\/strong>\u00a0 (bit \u0107e najavljeno)<\/p>\t\t\t\t\t\t\t\t<\/div>\n\t\t\t\t<\/div>\n\t\t\t\t<div class=\"elementor-element elementor-element-19e0d88 elementor-widget elementor-widget-text-editor\" data-id=\"19e0d88\" data-element_type=\"widget\" data-widget_type=\"text-editor.default\">\n\t\t\t\t<div class=\"elementor-widget-container\">\n\t\t\t\t\t\t\t\t\t<p><b>Cijena<\/b> (bit \u0107e najavljeno)\u00a0<\/p>\t\t\t\t\t\t\t\t<\/div>\n\t\t\t\t<\/div>\n\t\t\t\t\t<\/div>\n\t\t<\/div>\n\t\t\t\t<div class=\"elementor-column elementor-col-50 elementor-inner-column elementor-element elementor-element-8c3ccff\" data-id=\"8c3ccff\" data-element_type=\"column\">\n\t\t\t<div class=\"elementor-widget-wrap elementor-element-populated\">\n\t\t\t\t\t\t<div class=\"elementor-element elementor-element-0e50e11 elementor-widget elementor-widget-image\" data-id=\"0e50e11\" data-element_type=\"widget\" data-widget_type=\"image.default\">\n\t\t\t\t<div class=\"elementor-widget-container\">\n\t\t\t\t\t\t\t\t\t\t\t\t\t\t\t<img fetchpriority=\"high\" decoding=\"async\" width=\"1000\" height=\"600\" src=\"http:\/\/seygo.hgos.hr\/wp-content\/uploads\/2021\/05\/biokovo_skywalk.png\" class=\"attachment-large size-large wp-image-2401\" alt=\"\" srcset=\"http:\/\/seygo.hgos.hr\/wp-content\/uploads\/2021\/05\/biokovo_skywalk.png 1000w, http:\/\/seygo.hgos.hr\/wp-content\/uploads\/2021\/05\/biokovo_skywalk-300x180.png 300w, http:\/\/seygo.hgos.hr\/wp-content\/uploads\/2021\/05\/biokovo_skywalk-768x461.png 768w, http:\/\/seygo.hgos.hr\/wp-content\/uploads\/2021\/05\/biokovo_skywalk-16x10.png 16w\" sizes=\"(max-width: 1000px) 100vw, 1000px\" \/>\t\t\t\t\t\t\t\t\t\t\t\t\t\t\t<\/div>\n\t\t\t\t<\/div>\n\t\t\t\t\t<\/div>\n\t\t<\/div>\n\t\t\t\t\t<\/div>\n\t\t<\/section>\n\t\t\t\t\t<\/div>\n\t\t<\/div>\n\t\t\t\t\t<\/div>\n\t\t<\/section>\n\t\t\t\t<section class=\"elementor-section elementor-top-section elementor-element elementor-element-193d4da elementor-section-boxed elementor-section-height-default elementor-section-height-default\" data-id=\"193d4da\" data-element_type=\"section\">\n\t\t\t\t\t\t<div class=\"elementor-container elementor-column-gap-default\">\n\t\t\t\t\t<div class=\"elementor-column elementor-col-100 elementor-top-column elementor-element elementor-element-f82a032\" data-id=\"f82a032\" data-element_type=\"column\">\n\t\t\t<div class=\"elementor-widget-wrap elementor-element-populated\">\n\t\t\t\t\t\t<section class=\"elementor-section elementor-inner-section elementor-element elementor-element-7e4d993 elementor-section-boxed elementor-section-height-default elementor-section-height-default\" data-id=\"7e4d993\" data-element_type=\"section\">\n\t\t\t\t\t\t<div class=\"elementor-container elementor-column-gap-default\">\n\t\t\t\t\t<div class=\"elementor-column elementor-col-50 elementor-inner-column elementor-element elementor-element-5f65cdb\" data-id=\"5f65cdb\" data-element_type=\"column\">\n\t\t\t<div class=\"elementor-widget-wrap elementor-element-populated\">\n\t\t\t\t\t\t<div class=\"elementor-element elementor-element-1ef7dd2 elementor-widget elementor-widget-heading\" data-id=\"1ef7dd2\" data-element_type=\"widget\" data-widget_type=\"heading.default\">\n\t\t\t\t<div class=\"elementor-widget-container\">\n\t\t\t\t\t<h2 class=\"elementor-heading-title elementor-size-default\">Izlet brodom<\/h2>\t\t\t\t<\/div>\n\t\t\t\t<\/div>\n\t\t\t\t<div class=\"elementor-element elementor-element-1c6da3a elementor-widget elementor-widget-text-editor\" data-id=\"1c6da3a\" data-element_type=\"widget\" data-widget_type=\"text-editor.default\">\n\t\t\t\t<div class=\"elementor-widget-container\">\n\t\t\t\t\t\t\t\t\t<p>Boat trips along the coast of nearby towns are a beautiful way to enjoy the sea. Details will be announced.<\/p>\t\t\t\t\t\t\t\t<\/div>\n\t\t\t\t<\/div>\n\t\t\t\t<div class=\"elementor-element elementor-element-2804b65 elementor-widget elementor-widget-text-editor\" data-id=\"2804b65\" data-element_type=\"widget\" data-widget_type=\"text-editor.default\">\n\t\t\t\t<div class=\"elementor-widget-container\">\n\t\t\t\t\t\t\t\t\t<p><strong>Mre\u017ena stranica<\/strong>(bit \u0107e najavljeno)<\/p>\t\t\t\t\t\t\t\t<\/div>\n\t\t\t\t<\/div>\n\t\t\t\t<div class=\"elementor-element elementor-element-7a4cf40 elementor-widget elementor-widget-text-editor\" data-id=\"7a4cf40\" data-element_type=\"widget\" data-widget_type=\"text-editor.default\">\n\t\t\t\t<div class=\"elementor-widget-container\">\n\t\t\t\t\t\t\t\t\t<p><strong>Kada? <\/strong>(bit \u0107e najavljeno)<\/p>\t\t\t\t\t\t\t\t<\/div>\n\t\t\t\t<\/div>\n\t\t\t\t<div class=\"elementor-element elementor-element-f97e727 elementor-widget elementor-widget-text-editor\" data-id=\"f97e727\" data-element_type=\"widget\" data-widget_type=\"text-editor.default\">\n\t\t\t\t<div class=\"elementor-widget-container\">\n\t\t\t\t\t\t\t\t\t<p><strong>Cijena<\/strong> (ovisno o turisti\u010dkoj agenciji)\u00a0<\/p>\t\t\t\t\t\t\t\t<\/div>\n\t\t\t\t<\/div>\n\t\t\t\t<div class=\"elementor-element elementor-element-c4eec9e elementor-widget elementor-widget-text-editor\" data-id=\"c4eec9e\" data-element_type=\"widget\" data-widget_type=\"text-editor.default\">\n\t\t\t\t<div class=\"elementor-widget-container\">\n\t\t\t\t\t\t\t\t\t<p style=\"font-size: 16px;\">\u00a0<\/p><p style=\"font-size: 16px;\">\u00a0<\/p>\t\t\t\t\t\t\t\t<\/div>\n\t\t\t\t<\/div>\n\t\t\t\t\t<\/div>\n\t\t<\/div>\n\t\t\t\t<div class=\"elementor-column elementor-col-50 elementor-inner-column elementor-element elementor-element-d69f0de\" data-id=\"d69f0de\" data-element_type=\"column\">\n\t\t\t<div class=\"elementor-widget-wrap elementor-element-populated\">\n\t\t\t\t\t\t<div class=\"elementor-element elementor-element-bfbc22c elementor-widget elementor-widget-image\" data-id=\"bfbc22c\" data-element_type=\"widget\" data-widget_type=\"image.default\">\n\t\t\t\t<div class=\"elementor-widget-container\">\n\t\t\t\t\t\t\t\t\t\t\t\t\t\t\t<img decoding=\"async\" width=\"550\" height=\"309\" src=\"http:\/\/seygo.hgos.hr\/wp-content\/uploads\/2021\/05\/fellun.jpg\" class=\"attachment-large size-large wp-image-2411\" alt=\"\" srcset=\"http:\/\/seygo.hgos.hr\/wp-content\/uploads\/2021\/05\/fellun.jpg 550w, http:\/\/seygo.hgos.hr\/wp-content\/uploads\/2021\/05\/fellun-300x169.jpg 300w, http:\/\/seygo.hgos.hr\/wp-content\/uploads\/2021\/05\/fellun-16x9.jpg 16w\" sizes=\"(max-width: 550px) 100vw, 550px\" \/>\t\t\t\t\t\t\t\t\t\t\t\t\t\t\t<\/div>\n\t\t\t\t<\/div>\n\t\t\t\t\t<\/div>\n\t\t<\/div>\n\t\t\t\t\t<\/div>\n\t\t<\/section>\n\t\t\t\t\t<\/div>\n\t\t<\/div>\n\t\t\t\t\t<\/div>\n\t\t<\/section>\n\t\t\t\t<section class=\"elementor-section elementor-top-section elementor-element elementor-element-946075f elementor-section-boxed elementor-section-height-default elementor-section-height-default\" data-id=\"946075f\" data-element_type=\"section\">\n\t\t\t\t\t\t<div class=\"elementor-container elementor-column-gap-default\">\n\t\t\t\t\t<div class=\"elementor-column elementor-col-100 elementor-top-column elementor-element elementor-element-54c2a4f\" data-id=\"54c2a4f\" data-element_type=\"column\">\n\t\t\t<div class=\"elementor-widget-wrap elementor-element-populated\">\n\t\t\t\t\t\t<section class=\"elementor-section elementor-inner-section elementor-element elementor-element-15939da elementor-section-boxed elementor-section-height-default elementor-section-height-default\" data-id=\"15939da\" data-element_type=\"section\">\n\t\t\t\t\t\t<div class=\"elementor-container elementor-column-gap-default\">\n\t\t\t\t\t<div class=\"elementor-column elementor-col-50 elementor-inner-column elementor-element elementor-element-35e07ee\" data-id=\"35e07ee\" data-element_type=\"column\">\n\t\t\t<div class=\"elementor-widget-wrap elementor-element-populated\">\n\t\t\t\t\t\t<div class=\"elementor-element elementor-element-93168fe elementor-widget elementor-widget-heading\" data-id=\"93168fe\" data-element_type=\"widget\" data-widget_type=\"heading.default\">\n\t\t\t\t<div class=\"elementor-widget-container\">\n\t\t\t\t\t<h2 class=\"elementor-heading-title elementor-size-default\">Izlet u Split<\/h2>\t\t\t\t<\/div>\n\t\t\t\t<\/div>\n\t\t\t\t<div class=\"elementor-element elementor-element-441c425 elementor-widget elementor-widget-text-editor\" data-id=\"441c425\" data-element_type=\"widget\" data-widget_type=\"text-editor.default\">\n\t\t\t\t<div class=\"elementor-widget-container\">\n\t\t\t\t\t\t\t\t\t<p>Punih 17 stolje\u0107a traje pri\u010da o Splitu, jo\u0161 otkako je rimski car Dioklecijan odlu\u010dio ba\u0161 na tom poluotoku blizu velikog rimskog grada Salone izgraditi pala\u010du u kojoj bi u miru proveo posljednje godine svoga \u017eivota. U tih 1700 godina Pala\u010da je polako postajala i postala grad, koji danas mami bogatom tradicijom, veli\u010danstvenom povije\u0161\u0107u, ljepotom prirodne i kulturne ba\u0161tine.<\/p>\t\t\t\t\t\t\t\t<\/div>\n\t\t\t\t<\/div>\n\t\t\t\t<div class=\"elementor-element elementor-element-573ac2d elementor-widget elementor-widget-text-editor\" data-id=\"573ac2d\" data-element_type=\"widget\" data-widget_type=\"text-editor.default\">\n\t\t\t\t<div class=\"elementor-widget-container\">\n\t\t\t\t\t\t\t\t\t<p><strong>Mre\u017ena stranica<\/strong> (in English):\u00a0<a href=\"https:\/\/visitsplit.com\/en\/1\/welcome-to-split\">Welcome to Split<\/a><\/p>\t\t\t\t\t\t\t\t<\/div>\n\t\t\t\t<\/div>\n\t\t\t\t<div class=\"elementor-element elementor-element-2132575 elementor-widget elementor-widget-text-editor\" data-id=\"2132575\" data-element_type=\"widget\" data-widget_type=\"text-editor.default\">\n\t\t\t\t<div class=\"elementor-widget-container\">\n\t\t\t\t\t\t\t\t\t<p><strong>Kada?<\/strong>\u00a0(bit \u0107e najavljeno)<\/p>\t\t\t\t\t\t\t\t<\/div>\n\t\t\t\t<\/div>\n\t\t\t\t<div class=\"elementor-element elementor-element-3f9760d elementor-widget elementor-widget-text-editor\" data-id=\"3f9760d\" data-element_type=\"widget\" data-widget_type=\"text-editor.default\">\n\t\t\t\t<div class=\"elementor-widget-container\">\n\t\t\t\t\t\t\t\t\t<p><strong>Cijena<\/strong> (ovisno o turisti\u010dkoj agenciji)\u00a0<\/p>\t\t\t\t\t\t\t\t<\/div>\n\t\t\t\t<\/div>\n\t\t\t\t\t<\/div>\n\t\t<\/div>\n\t\t\t\t<div class=\"elementor-column elementor-col-50 elementor-inner-column elementor-element elementor-element-7cef2ab\" data-id=\"7cef2ab\" data-element_type=\"column\">\n\t\t\t<div class=\"elementor-widget-wrap elementor-element-populated\">\n\t\t\t\t\t\t<div class=\"elementor-element elementor-element-d612751 elementor-widget elementor-widget-image\" data-id=\"d612751\" data-element_type=\"widget\" data-widget_type=\"image.default\">\n\t\t\t\t<div class=\"elementor-widget-container\">\n\t\t\t\t\t\t\t\t\t\t\t\t\t\t\t<img decoding=\"async\" width=\"730\" height=\"487\" src=\"http:\/\/seygo.hgos.hr\/wp-content\/uploads\/2021\/05\/croatia-split-aerial-view.jpg\" class=\"attachment-large size-large wp-image-2410\" alt=\"\" srcset=\"http:\/\/seygo.hgos.hr\/wp-content\/uploads\/2021\/05\/croatia-split-aerial-view.jpg 730w, http:\/\/seygo.hgos.hr\/wp-content\/uploads\/2021\/05\/croatia-split-aerial-view-300x200.jpg 300w, http:\/\/seygo.hgos.hr\/wp-content\/uploads\/2021\/05\/croatia-split-aerial-view-16x12.jpg 16w\" sizes=\"(max-width: 730px) 100vw, 730px\" \/>\t\t\t\t\t\t\t\t\t\t\t\t\t\t\t<\/div>\n\t\t\t\t<\/div>\n\t\t\t\t\t<\/div>\n\t\t<\/div>\n\t\t\t\t\t<\/div>\n\t\t<\/section>\n\t\t\t\t\t<\/div>\n\t\t<\/div>\n\t\t\t\t\t<\/div>\n\t\t<\/section>\n\t\t\t\t<\/div>","protected":false},"excerpt":{"rendered":"<p>Excursions After you read the descriptions of the excursions, you will be able to reserve your seat &#8230; Biokovo SkyWalk Skywalk Biokovo is a horseshoe-shaped platform out off the cliff with a glass walkway. It is located in the southwestern part of the Biokovo Nature Park on the 13th km of the Biokovo road and [&hellip;]<\/p>","protected":false},"author":1,"featured_media":0,"parent":0,"menu_order":0,"comment_status":"closed","ping_status":"closed","template":"","meta":{"site-sidebar-layout":"no-sidebar","site-content-layout":"page-builder","ast-site-content-layout":"default","site-content-style":"default","site-sidebar-style":"default","ast-global-header-display":"","ast-banner-title-visibility":"","ast-main-header-display":"","ast-hfb-above-header-display":"","ast-hfb-below-header-display":"","ast-hfb-mobile-header-display":"","site-post-title":"disabled","ast-breadcrumbs-content":"","ast-featured-img":"disabled","footer-sml-layout":"","ast-disable-related-posts":"","theme-transparent-header-meta":"default","adv-header-id-meta":"","stick-header-meta":"","header-above-stick-meta":"","header-main-stick-meta":"","header-below-stick-meta":"","astra-migrate-meta-layouts":"default","ast-page-background-enabled":"default","ast-page-background-meta":{"desktop":{"background-color":"","background-image":"","background-repeat":"repeat","background-position":"center center","background-size":"auto","background-attachment":"scroll","background-type":"","background-media":"","overlay-type":"","overlay-color":"","overlay-opacity":"","overlay-gradient":""},"tablet":{"background-color":"","background-image":"","background-repeat":"repeat","background-position":"center center","background-size":"auto","background-attachment":"scroll","background-type":"","background-media":"","overlay-type":"","overlay-color":"","overlay-opacity":"","overlay-gradient":""},"mobile":{"background-color":"","background-image":"","background-repeat":"repeat","background-position":"center center","background-size":"auto","background-attachment":"scroll","background-type":"","background-media":"","overlay-type":"","overlay-color":"","overlay-opacity":"","overlay-gradient":""}},"ast-content-background-meta":{"desktop":{"background-color":"var(--ast-global-color-5)","background-image":"","background-repeat":"repeat","background-position":"center center","background-size":"auto","background-attachment":"scroll","background-type":"","background-media":"","overlay-type":"","overlay-color":"","overlay-opacity":"","overlay-gradient":""},"tablet":{"background-color":"var(--ast-global-color-5)","background-image":"","background-repeat":"repeat","background-position":"center center","background-size":"auto","background-attachment":"scroll","background-type":"","background-media":"","overlay-type":"","overlay-color":"","overlay-opacity":"","overlay-gradient":""},"mobile":{"background-color":"var(--ast-global-color-5)","background-image":"","background-repeat":"repeat","background-position":"center center","background-size":"auto","background-attachment":"scroll","background-type":"","background-media":"","overlay-type":"","overlay-color":"","overlay-opacity":"","overlay-gradient":""}},"footnotes":""},"class_list":["post-1115","page","type-page","status-publish","hentry"],"_links":{"self":[{"href":"https:\/\/seygo.hgos.hr\/hr\/wp-json\/wp\/v2\/pages\/1115","targetHints":{"allow":["GET"]}}],"collection":[{"href":"https:\/\/seygo.hgos.hr\/hr\/wp-json\/wp\/v2\/pages"}],"about":[{"href":"https:\/\/seygo.hgos.hr\/hr\/wp-json\/wp\/v2\/types\/page"}],"author":[{"embeddable":true,"href":"https:\/\/seygo.hgos.hr\/hr\/wp-json\/wp\/v2\/users\/1"}],"replies":[{"embeddable":true,"href":"https:\/\/seygo.hgos.hr\/hr\/wp-json\/wp\/v2\/comments?post=1115"}],"version-history":[{"count":0,"href":"https:\/\/seygo.hgos.hr\/hr\/wp-json\/wp\/v2\/pages\/1115\/revisions"}],"wp:attachment":[{"href":"https:\/\/seygo.hgos.hr\/hr\/wp-json\/wp\/v2\/media?parent=1115"}],"curies":[{"name":"wp","href":"https:\/\/api.w.org\/{rel}","templated":true}]}}