{"id":809,"date":"2019-11-16T12:30:27","date_gmt":"2019-11-16T12:30:27","guid":{"rendered":"https:\/\/seygo.hgos.hr\/?page_id=809"},"modified":"2022-05-12T20:11:47","modified_gmt":"2022-05-12T18:11:47","slug":"gallery","status":"publish","type":"page","link":"http:\/\/seygo.hgos.hr\/hr\/gallery\/","title":{"rendered":"Galerija"},"content":{"rendered":"<div data-elementor-type=\"wp-page\" data-elementor-id=\"809\" class=\"elementor elementor-809\">\n\t\t\t\t\t\t<section class=\"elementor-section elementor-top-section elementor-element elementor-element-8b15e1d elementor-section-boxed elementor-section-height-default elementor-section-height-default\" data-id=\"8b15e1d\" data-element_type=\"section\">\n\t\t\t\t\t\t<div class=\"elementor-container elementor-column-gap-default\">\n\t\t\t\t\t<div class=\"elementor-column elementor-col-100 elementor-top-column elementor-element elementor-element-6a68df7\" data-id=\"6a68df7\" data-element_type=\"column\">\n\t\t\t<div class=\"elementor-widget-wrap elementor-element-populated\">\n\t\t\t\t\t\t<div class=\"elementor-element elementor-element-991a26f elementor-widget elementor-widget-heading\" data-id=\"991a26f\" data-element_type=\"widget\" data-widget_type=\"heading.default\">\n\t\t\t\t<div class=\"elementor-widget-container\">\n\t\t\t\t\t<h2 class=\"elementor-heading-title elementor-size-default\">Galerija<section data-id=\"0f61427\" data-element_type=\"section\" class=\"elementor-element elementor-element-edit-mode elementor-element-0f61427 elementor-section elementor-top-section elementor-section-boxed elementor-section-height-default\" data-model-cid=\"c18\" style=\"font-size: 16px;text-transform: none;white-space: normal\"><\/section><div><br><\/div><\/h2>\t\t\t\t<\/div>\n\t\t\t\t<\/div>\n\t\t\t\t\t<\/div>\n\t\t<\/div>\n\t\t\t\t\t<\/div>\n\t\t<\/section>\n\t\t\t\t<section class=\"elementor-section elementor-top-section elementor-element elementor-element-0f61427 elementor-section-boxed elementor-section-height-default elementor-section-height-default\" data-id=\"0f61427\" data-element_type=\"section\">\n\t\t\t\t\t\t<div class=\"elementor-container elementor-column-gap-default\">\n\t\t\t\t\t<div class=\"elementor-column elementor-col-100 elementor-top-column elementor-element elementor-element-d602de5\" data-id=\"d602de5\" data-element_type=\"column\">\n\t\t\t<div class=\"elementor-widget-wrap elementor-element-populated\">\n\t\t\t\t\t\t<div class=\"elementor-element elementor-element-9a88dc8 elementor-widget elementor-widget-image-gallery\" data-id=\"9a88dc8\" data-element_type=\"widget\" data-widget_type=\"image-gallery.default\">\n\t\t\t\t<div class=\"elementor-widget-container\">\n\t\t\t\t\t\t\t<div class=\"elementor-image-gallery\">\n\t\t\t<div id='gallery-1' class='gallery galleryid-809 gallery-columns-4 gallery-size-medium'><figure class='gallery-item'>\n\t\t\t<div class='gallery-icon landscape'>\n\t\t\t\t<a data-elementor-open-lightbox=\"yes\" data-elementor-lightbox-slideshow=\"9a88dc8\" data-elementor-lightbox-title=\"hostelZaostrogFB\" data-e-action-hash=\"#elementor-action%3Aaction%3Dlightbox%26settings%3DeyJpZCI6MzAzNywidXJsIjoiaHR0cDpcL1wvc2V5Z28uaGdvcy5oclwvd3AtY29udGVudFwvdXBsb2Fkc1wvMjAyMlwvMDVcL2hvc3RlbFphb3N0cm9nRkIuanBnIiwic2xpZGVzaG93IjoiOWE4OGRjOCJ9\" href='http:\/\/seygo.hgos.hr\/wp-content\/uploads\/2022\/05\/hostelZaostrogFB.jpg'><img decoding=\"async\" width=\"300\" height=\"132\" src=\"http:\/\/seygo.hgos.hr\/wp-content\/uploads\/2022\/05\/hostelZaostrogFB-300x132.jpg\" class=\"attachment-medium size-medium\" alt=\"\" aria-describedby=\"gallery-1-3037\" srcset=\"http:\/\/seygo.hgos.hr\/wp-content\/uploads\/2022\/05\/hostelZaostrogFB-300x132.jpg 300w, http:\/\/seygo.hgos.hr\/wp-content\/uploads\/2022\/05\/hostelZaostrogFB-1024x450.jpg 1024w, http:\/\/seygo.hgos.hr\/wp-content\/uploads\/2022\/05\/hostelZaostrogFB-768x337.jpg 768w, http:\/\/seygo.hgos.hr\/wp-content\/uploads\/2022\/05\/hostelZaostrogFB-18x8.jpg 18w, http:\/\/seygo.hgos.hr\/wp-content\/uploads\/2022\/05\/hostelZaostrogFB.jpg 1200w\" sizes=\"(max-width: 300px) 100vw, 300px\" \/><\/a>\n\t\t\t<\/div>\n\t\t\t\t<figcaption class='wp-caption-text gallery-caption' id='gallery-1-3037'>\n\t\t\t\tHostel Zaostrog\n\t\t\t\t<\/figcaption><\/figure><figure class='gallery-item'>\n\t\t\t<div class='gallery-icon landscape'>\n\t\t\t\t<a data-elementor-open-lightbox=\"yes\" data-elementor-lightbox-slideshow=\"9a88dc8\" data-elementor-lightbox-title=\"hostel_room\" data-e-action-hash=\"#elementor-action%3Aaction%3Dlightbox%26settings%3DeyJpZCI6MzA0MiwidXJsIjoiaHR0cDpcL1wvc2V5Z28uaGdvcy5oclwvd3AtY29udGVudFwvdXBsb2Fkc1wvMjAyMlwvMDVcL2hvc3RlbF9yb29tLmpwZyIsInNsaWRlc2hvdyI6IjlhODhkYzgifQ%3D%3D\" href='http:\/\/seygo.hgos.hr\/wp-content\/uploads\/2022\/05\/hostel_room.jpg'><img fetchpriority=\"high\" decoding=\"async\" width=\"300\" height=\"225\" src=\"http:\/\/seygo.hgos.hr\/wp-content\/uploads\/2022\/05\/hostel_room-300x225.jpg\" class=\"attachment-medium size-medium\" alt=\"\" aria-describedby=\"gallery-1-3042\" srcset=\"http:\/\/seygo.hgos.hr\/wp-content\/uploads\/2022\/05\/hostel_room-300x225.jpg 300w, http:\/\/seygo.hgos.hr\/wp-content\/uploads\/2022\/05\/hostel_room-16x12.jpg 16w, http:\/\/seygo.hgos.hr\/wp-content\/uploads\/2022\/05\/hostel_room.jpg 600w\" sizes=\"(max-width: 300px) 100vw, 300px\" \/><\/a>\n\t\t\t<\/div>\n\t\t\t\t<figcaption class='wp-caption-text gallery-caption' id='gallery-1-3042'>\n\t\t\t\tSoba u hostelu\n\t\t\t\t<\/figcaption><\/figure><figure class='gallery-item'>\n\t\t\t<div class='gallery-icon landscape'>\n\t\t\t\t<a data-elementor-open-lightbox=\"yes\" data-elementor-lightbox-slideshow=\"9a88dc8\" data-elementor-lightbox-title=\"terrace\" data-e-action-hash=\"#elementor-action%3Aaction%3Dlightbox%26settings%3DeyJpZCI6MzA0MSwidXJsIjoiaHR0cDpcL1wvc2V5Z28uaGdvcy5oclwvd3AtY29udGVudFwvdXBsb2Fkc1wvMjAyMlwvMDVcL3RlcnJhY2UuanBnIiwic2xpZGVzaG93IjoiOWE4OGRjOCJ9\" href='http:\/\/seygo.hgos.hr\/wp-content\/uploads\/2022\/05\/terrace.jpg'><img decoding=\"async\" width=\"300\" height=\"225\" src=\"http:\/\/seygo.hgos.hr\/wp-content\/uploads\/2022\/05\/terrace-300x225.jpg\" class=\"attachment-medium size-medium\" alt=\"\" aria-describedby=\"gallery-1-3041\" srcset=\"http:\/\/seygo.hgos.hr\/wp-content\/uploads\/2022\/05\/terrace-300x225.jpg 300w, http:\/\/seygo.hgos.hr\/wp-content\/uploads\/2022\/05\/terrace-16x12.jpg 16w, http:\/\/seygo.hgos.hr\/wp-content\/uploads\/2022\/05\/terrace.jpg 600w\" sizes=\"(max-width: 300px) 100vw, 300px\" \/><\/a>\n\t\t\t<\/div>\n\t\t\t\t<figcaption class='wp-caption-text gallery-caption' id='gallery-1-3041'>\n\t\t\t\tTerasa\n\t\t\t\t<\/figcaption><\/figure><figure class='gallery-item'>\n\t\t\t<div class='gallery-icon landscape'>\n\t\t\t\t<a data-elementor-open-lightbox=\"yes\" data-elementor-lightbox-slideshow=\"9a88dc8\" data-elementor-lightbox-title=\"Zaostrog_Terrace\" data-e-action-hash=\"#elementor-action%3Aaction%3Dlightbox%26settings%3DeyJpZCI6MjQ4NywidXJsIjoiaHR0cDpcL1wvc2V5Z28uaGdvcy5oclwvd3AtY29udGVudFwvdXBsb2Fkc1wvMjAyMVwvMDVcL1phb3N0cm9nX1RlcnJhY2UuanBnIiwic2xpZGVzaG93IjoiOWE4OGRjOCJ9\" href='http:\/\/seygo.hgos.hr\/wp-content\/uploads\/2021\/05\/Zaostrog_Terrace.jpg'><img loading=\"lazy\" decoding=\"async\" width=\"300\" height=\"199\" src=\"http:\/\/seygo.hgos.hr\/wp-content\/uploads\/2021\/05\/Zaostrog_Terrace-300x199.jpg\" class=\"attachment-medium size-medium\" alt=\"\" aria-describedby=\"gallery-1-2487\" srcset=\"http:\/\/seygo.hgos.hr\/wp-content\/uploads\/2021\/05\/Zaostrog_Terrace-300x199.jpg 300w, http:\/\/seygo.hgos.hr\/wp-content\/uploads\/2021\/05\/Zaostrog_Terrace-1024x680.jpg 1024w, http:\/\/seygo.hgos.hr\/wp-content\/uploads\/2021\/05\/Zaostrog_Terrace-768x510.jpg 768w, http:\/\/seygo.hgos.hr\/wp-content\/uploads\/2021\/05\/Zaostrog_Terrace-16x12.jpg 16w, http:\/\/seygo.hgos.hr\/wp-content\/uploads\/2021\/05\/Zaostrog_Terrace.jpg 1072w\" sizes=\"(max-width: 300px) 100vw, 300px\" \/><\/a>\n\t\t\t<\/div>\n\t\t\t\t<figcaption class='wp-caption-text gallery-caption' id='gallery-1-2487'>\n\t\t\t\tGo na terasi\n\t\t\t\t<\/figcaption><\/figure><figure class='gallery-item'>\n\t\t\t<div class='gallery-icon landscape'>\n\t\t\t\t<a data-elementor-open-lightbox=\"yes\" data-elementor-lightbox-slideshow=\"9a88dc8\" data-elementor-lightbox-title=\"running_go\" data-e-action-hash=\"#elementor-action%3Aaction%3Dlightbox%26settings%3DeyJpZCI6MzAzOSwidXJsIjoiaHR0cDpcL1wvc2V5Z28uaGdvcy5oclwvd3AtY29udGVudFwvdXBsb2Fkc1wvMjAyMlwvMDVcL3J1bm5pbmdfZ28uanBnIiwic2xpZGVzaG93IjoiOWE4OGRjOCJ9\" href='http:\/\/seygo.hgos.hr\/wp-content\/uploads\/2022\/05\/running_go.jpg'><img loading=\"lazy\" decoding=\"async\" width=\"300\" height=\"225\" src=\"http:\/\/seygo.hgos.hr\/wp-content\/uploads\/2022\/05\/running_go-300x225.jpg\" class=\"attachment-medium size-medium\" alt=\"\" aria-describedby=\"gallery-1-3039\" srcset=\"http:\/\/seygo.hgos.hr\/wp-content\/uploads\/2022\/05\/running_go-300x225.jpg 300w, http:\/\/seygo.hgos.hr\/wp-content\/uploads\/2022\/05\/running_go-16x12.jpg 16w, http:\/\/seygo.hgos.hr\/wp-content\/uploads\/2022\/05\/running_go.jpg 600w\" sizes=\"(max-width: 300px) 100vw, 300px\" \/><\/a>\n\t\t\t<\/div>\n\t\t\t\t<figcaption class='wp-caption-text gallery-caption' id='gallery-1-3039'>\n\t\t\t\tTr\u010de\u0107i go u vrtu\n\t\t\t\t<\/figcaption><\/figure><figure class='gallery-item'>\n\t\t\t<div class='gallery-icon landscape'>\n\t\t\t\t<a data-elementor-open-lightbox=\"yes\" data-elementor-lightbox-slideshow=\"9a88dc8\" data-elementor-lightbox-title=\"playground\" data-e-action-hash=\"#elementor-action%3Aaction%3Dlightbox%26settings%3DeyJpZCI6MzAzOCwidXJsIjoiaHR0cDpcL1wvc2V5Z28uaGdvcy5oclwvd3AtY29udGVudFwvdXBsb2Fkc1wvMjAyMlwvMDVcL3BsYXlncm91bmQuanBnIiwic2xpZGVzaG93IjoiOWE4OGRjOCJ9\" href='http:\/\/seygo.hgos.hr\/wp-content\/uploads\/2022\/05\/playground.jpg'><img loading=\"lazy\" decoding=\"async\" width=\"300\" height=\"225\" src=\"http:\/\/seygo.hgos.hr\/wp-content\/uploads\/2022\/05\/playground-300x225.jpg\" class=\"attachment-medium size-medium\" alt=\"\" aria-describedby=\"gallery-1-3038\" srcset=\"http:\/\/seygo.hgos.hr\/wp-content\/uploads\/2022\/05\/playground-300x225.jpg 300w, http:\/\/seygo.hgos.hr\/wp-content\/uploads\/2022\/05\/playground-16x12.jpg 16w, http:\/\/seygo.hgos.hr\/wp-content\/uploads\/2022\/05\/playground.jpg 600w\" sizes=\"(max-width: 300px) 100vw, 300px\" \/><\/a>\n\t\t\t<\/div>\n\t\t\t\t<figcaption class='wp-caption-text gallery-caption' id='gallery-1-3038'>\n\t\t\t\tOgra\u0111eno igrali\u0161te izme\u0111u terase i pla\u017ee\n\t\t\t\t<\/figcaption><\/figure><figure class='gallery-item'>\n\t\t\t<div class='gallery-icon landscape'>\n\t\t\t\t<a data-elementor-open-lightbox=\"yes\" data-elementor-lightbox-slideshow=\"9a88dc8\" data-elementor-lightbox-title=\"Beach_night\" data-e-action-hash=\"#elementor-action%3Aaction%3Dlightbox%26settings%3DeyJpZCI6MjM2NywidXJsIjoiaHR0cDpcL1wvc2V5Z28uaGdvcy5oclwvd3AtY29udGVudFwvdXBsb2Fkc1wvMjAyMVwvMDVcL0JlYWNoX25pZ2h0LmpwZyIsInNsaWRlc2hvdyI6IjlhODhkYzgifQ%3D%3D\" href='http:\/\/seygo.hgos.hr\/wp-content\/uploads\/2021\/05\/Beach_night.jpg'><img loading=\"lazy\" decoding=\"async\" width=\"300\" height=\"180\" src=\"http:\/\/seygo.hgos.hr\/wp-content\/uploads\/2021\/05\/Beach_night-300x180.jpg\" class=\"attachment-medium size-medium\" alt=\"\" aria-describedby=\"gallery-1-2367\" srcset=\"http:\/\/seygo.hgos.hr\/wp-content\/uploads\/2021\/05\/Beach_night-300x180.jpg 300w, http:\/\/seygo.hgos.hr\/wp-content\/uploads\/2021\/05\/Beach_night-768x461.jpg 768w, http:\/\/seygo.hgos.hr\/wp-content\/uploads\/2021\/05\/Beach_night-16x10.jpg 16w, http:\/\/seygo.hgos.hr\/wp-content\/uploads\/2021\/05\/Beach_night.jpg 1000w\" sizes=\"(max-width: 300px) 100vw, 300px\" \/><\/a>\n\t\t\t<\/div>\n\t\t\t\t<figcaption class='wp-caption-text gallery-caption' id='gallery-1-2367'>\n\t\t\t\tPla\u017ea nave\u010der\n\t\t\t\t<\/figcaption><\/figure>\n\t\t<\/div>\n\t\t<\/div>\n\t\t\t\t\t\t<\/div>\n\t\t\t\t<\/div>\n\t\t\t\t\t<\/div>\n\t\t<\/div>\n\t\t\t\t\t<\/div>\n\t\t<\/section>\n\t\t\t\t<\/div>","protected":false},"excerpt":{"rendered":"<p>Gallery Hostel Zaostrog Hostel room Terrace Terrace go tables Running go in the garden Hostel playground Beach in the evening<\/p>","protected":false},"author":1,"featured_media":0,"parent":0,"menu_order":0,"comment_status":"closed","ping_status":"closed","template":"","meta":{"site-sidebar-layout":"no-sidebar","site-content-layout":"page-builder","ast-site-content-layout":"default","site-content-style":"default","site-sidebar-style":"default","ast-global-header-display":"","ast-banner-title-visibility":"","ast-main-header-display":"","ast-hfb-above-header-display":"","ast-hfb-below-header-display":"","ast-hfb-mobile-header-display":"","site-post-title":"disabled","ast-breadcrumbs-content":"","ast-featured-img":"disabled","footer-sml-layout":"","ast-disable-related-posts":"","theme-transparent-header-meta":"default","adv-header-id-meta":"","stick-header-meta":"","header-above-stick-meta":"","header-main-stick-meta":"","header-below-stick-meta":"","astra-migrate-meta-layouts":"default","ast-page-background-enabled":"default","ast-page-background-meta":{"desktop":{"background-color":"","background-image":"","background-repeat":"repeat","background-position":"center center","background-size":"auto","background-attachment":"scroll","background-type":"","background-media":"","overlay-type":"","overlay-color":"","overlay-opacity":"","overlay-gradient":""},"tablet":{"background-color":"","background-image":"","background-repeat":"repeat","background-position":"center center","background-size":"auto","background-attachment":"scroll","background-type":"","background-media":"","overlay-type":"","overlay-color":"","overlay-opacity":"","overlay-gradient":""},"mobile":{"background-color":"","background-image":"","background-repeat":"repeat","background-position":"center center","background-size":"auto","background-attachment":"scroll","background-type":"","background-media":"","overlay-type":"","overlay-color":"","overlay-opacity":"","overlay-gradient":""}},"ast-content-background-meta":{"desktop":{"background-color":"var(--ast-global-color-5)","background-image":"","background-repeat":"repeat","background-position":"center center","background-size":"auto","background-attachment":"scroll","background-type":"","background-media":"","overlay-type":"","overlay-color":"","overlay-opacity":"","overlay-gradient":""},"tablet":{"background-color":"var(--ast-global-color-5)","background-image":"","background-repeat":"repeat","background-position":"center center","background-size":"auto","background-attachment":"scroll","background-type":"","background-media":"","overlay-type":"","overlay-color":"","overlay-opacity":"","overlay-gradient":""},"mobile":{"background-color":"var(--ast-global-color-5)","background-image":"","background-repeat":"repeat","background-position":"center center","background-size":"auto","background-attachment":"scroll","background-type":"","background-media":"","overlay-type":"","overlay-color":"","overlay-opacity":"","overlay-gradient":""}},"footnotes":""},"class_list":["post-809","page","type-page","status-publish","hentry"],"_links":{"self":[{"href":"http:\/\/seygo.hgos.hr\/hr\/wp-json\/wp\/v2\/pages\/809","targetHints":{"allow":["GET"]}}],"collection":[{"href":"http:\/\/seygo.hgos.hr\/hr\/wp-json\/wp\/v2\/pages"}],"about":[{"href":"http:\/\/seygo.hgos.hr\/hr\/wp-json\/wp\/v2\/types\/page"}],"author":[{"embeddable":true,"href":"http:\/\/seygo.hgos.hr\/hr\/wp-json\/wp\/v2\/users\/1"}],"replies":[{"embeddable":true,"href":"http:\/\/seygo.hgos.hr\/hr\/wp-json\/wp\/v2\/comments?post=809"}],"version-history":[{"count":0,"href":"http:\/\/seygo.hgos.hr\/hr\/wp-json\/wp\/v2\/pages\/809\/revisions"}],"wp:attachment":[{"href":"http:\/\/seygo.hgos.hr\/hr\/wp-json\/wp\/v2\/media?parent=809"}],"curies":[{"name":"wp","href":"https:\/\/api.w.org\/{rel}","templated":true}]}}