{"id":430,"date":"2019-10-19T16:30:46","date_gmt":"2019-10-19T16:30:46","guid":{"rendered":"https:\/\/seygo.hgos.hr\/?page_id=430"},"modified":"2024-04-02T20:24:52","modified_gmt":"2024-04-02T18:24:52","slug":"registration","status":"publish","type":"page","link":"http:\/\/seygo.hgos.hr\/hr\/registration\/","title":{"rendered":"Registracija"},"content":{"rendered":"<div data-elementor-type=\"wp-post\" data-elementor-id=\"430\" class=\"elementor elementor-430\">\n\t\t\t\t\t\t<section class=\"elementor-section elementor-top-section elementor-element elementor-element-1a9a5baa elementor-section-boxed elementor-section-height-default elementor-section-height-default\" data-id=\"1a9a5baa\" data-element_type=\"section\">\n\t\t\t\t\t\t\t<div class=\"elementor-background-overlay\"><\/div>\n\t\t\t\t\t\t\t<div class=\"elementor-container elementor-column-gap-default\">\n\t\t\t\t\t<div class=\"elementor-column elementor-col-100 elementor-top-column elementor-element elementor-element-563dcf4\" data-id=\"563dcf4\" data-element_type=\"column\">\n\t\t\t<div class=\"elementor-widget-wrap elementor-element-populated\">\n\t\t\t\t\t\t<div class=\"elementor-element elementor-element-42032ba1 elementor-widget elementor-widget-heading\" data-id=\"42032ba1\" data-element_type=\"widget\" data-widget_type=\"heading.default\">\n\t\t\t\t<div class=\"elementor-widget-container\">\n\t\t\t\t\t<h2 class=\"elementor-heading-title elementor-size-default\">Registracija<\/h2>\t\t\t\t<\/div>\n\t\t\t\t<\/div>\n\t\t\t\t<div class=\"elementor-element elementor-element-4d717e8 elementor-widget elementor-widget-text-editor\" data-id=\"4d717e8\" data-element_type=\"widget\" data-widget_type=\"text-editor.default\">\n\t\t\t\t<div class=\"elementor-widget-container\">\n\t\t\t\t\t\t\t\t\t<p>\u00a0<\/p><p><b>\u00a0<\/b><\/p><ul><li>Preporu\u010dujemo <b>ranu registraciju i rezervaciju smje\u0161taja.<\/b><\/li><li>Rejting u EGD-u na\u00a0<span style=\"font-size: 16px; font-style: normal; font-weight: bold;\">16th August 2024 at 10:00 AM<\/span><span style=\"font-size: 16px; font-style: normal;\">\u00a0bit \u0107e kori\u0161ten za definiranje top grupa i sparivanje.<\/span><\/li><\/ul>\t\t\t\t\t\t\t\t<\/div>\n\t\t\t\t<\/div>\n\t\t\t\t<div class=\"elementor-element elementor-element-e44c491 elementor-widget elementor-widget-text-editor\" data-id=\"e44c491\" data-element_type=\"widget\" data-widget_type=\"text-editor.default\">\n\t\t\t\t<div class=\"elementor-widget-container\">\n\t\t\t\t\t\t\t\t\t<p>Pripremili smo vi\u0161ejezi\u010dni obrazac za prijavu za SEYGO turnir i kamp (svakako unesite datum ro\u0111enja). O\u010dekujemo da se svi roditelji i osobe u pratnji registriraju koriste\u0107i isti obrazac.<\/p>\t\t\t\t\t\t\t\t<\/div>\n\t\t\t\t<\/div>\n\t\t\t\t<div class=\"elementor-element elementor-element-42a79ea elementor-widget elementor-widget-text-editor\" data-id=\"42a79ea\" data-element_type=\"widget\" data-widget_type=\"text-editor.default\">\n\t\t\t\t<div class=\"elementor-widget-container\">\n\t\t\t\t\t\t\t\t\t<p>Tako\u0111er \u0107e biti pripremljen obrazac za Otvoreni vikend turnir. Sudionici SEYGO turnira ne trebaju se registrirati dva puta.<\/p>\t\t\t\t\t\t\t\t<\/div>\n\t\t\t\t<\/div>\n\t\t\t\t<section class=\"elementor-section elementor-inner-section elementor-element elementor-element-030837e elementor-section-boxed elementor-section-height-default elementor-section-height-default\" data-id=\"030837e\" data-element_type=\"section\">\n\t\t\t\t\t\t<div class=\"elementor-container elementor-column-gap-narrow\">\n\t\t\t\t\t<div class=\"elementor-column elementor-col-50 elementor-inner-column elementor-element elementor-element-a807e32\" data-id=\"a807e32\" data-element_type=\"column\">\n\t\t\t<div class=\"elementor-widget-wrap elementor-element-populated\">\n\t\t\t\t\t\t<div class=\"elementor-element elementor-element-a79b42b elementor-widget elementor-widget-heading\" data-id=\"a79b42b\" data-element_type=\"widget\" data-widget_type=\"heading.default\">\n\t\t\t\t<div class=\"elementor-widget-container\">\n\t\t\t\t\t<h4 class=\"elementor-heading-title elementor-size-default\">Obrasci za prijavu:<\/h4>\t\t\t\t<\/div>\n\t\t\t\t<\/div>\n\t\t\t\t<div class=\"elementor-element elementor-element-1df0619 elementor-widget elementor-widget-text-editor\" data-id=\"1df0619\" data-element_type=\"widget\" data-widget_type=\"text-editor.default\">\n\t\t\t\t<div class=\"elementor-widget-container\">\n\t\t\t\t\t\t\t\t\t<ul><li><a href=\"http:\/\/www.goverband.at\/registration\/index.php?turnier=ZaostrogSEYGO\" target=\"_blank\" rel=\"noopener\">SEYGO Ljetni Go Festival\u00a0<\/a><\/li><li><a href=\"http:\/\/www.goverband.at\/registration\/index.php?turnier=ZaostrogOpen\" target=\"_blank\" rel=\"noopener\">Zaostrog Open<\/a><\/li><\/ul>\t\t\t\t\t\t\t\t<\/div>\n\t\t\t\t<\/div>\n\t\t\t\t\t<\/div>\n\t\t<\/div>\n\t\t\t\t<div class=\"elementor-column elementor-col-50 elementor-inner-column elementor-element elementor-element-1d7bcf6\" data-id=\"1d7bcf6\" data-element_type=\"column\">\n\t\t\t<div class=\"elementor-widget-wrap elementor-element-populated\">\n\t\t\t\t\t\t<div class=\"elementor-element elementor-element-c964d91 elementor-widget elementor-widget-heading\" data-id=\"c964d91\" data-element_type=\"widget\" data-widget_type=\"heading.default\">\n\t\t\t\t<div class=\"elementor-widget-container\">\n\t\t\t\t\t<h4 class=\"elementor-heading-title elementor-size-default\">Preliminarni popisi igra\u010da<\/h4>\t\t\t\t<\/div>\n\t\t\t\t<\/div>\n\t\t\t\t<div class=\"elementor-element elementor-element-46d2531 elementor-widget elementor-widget-text-editor\" data-id=\"46d2531\" data-element_type=\"widget\" data-widget_type=\"text-editor.default\">\n\t\t\t\t<div class=\"elementor-widget-container\">\n\t\t\t\t\t\t\t\t\t<ul><li>\u00a0<\/li><li>\u00a0<\/li><\/ul>\t\t\t\t\t\t\t\t<\/div>\n\t\t\t\t<\/div>\n\t\t\t\t\t<\/div>\n\t\t<\/div>\n\t\t\t\t\t<\/div>\n\t\t<\/section>\n\t\t\t\t<div class=\"elementor-element elementor-element-ef3446b elementor-widget elementor-widget-text-editor\" data-id=\"ef3446b\" data-element_type=\"widget\" data-widget_type=\"text-editor.default\">\n\t\t\t\t<div class=\"elementor-widget-container\">\n\t\t\t\t\t\t\t\t\t<p>Nakon registracije, sudionik dobiva automatsku e-mail poruku s poveznicom na kojoj se prijavni obrazac mo\u017ee naknadno izmijeniti<span style=\"font-size: 16px;\">. Nemojte pritisnuti \"Cancel\", osim ako zaista ne \u017eelite povu\u0107i Va\u0161u prijavu. Nema potrebe za a\u017euriranjem rejtinga:<strong> preliminarni popis igra\u010da \u0107e sadr\u017eavati a\u017eurirani rejting<\/strong> na dan 10.8.2022, i bit \u0107e a\u017euriran i nakon tog datuma.<\/span><\/p><p><span style=\"font-size: 16px;\">\u00a0<\/span><\/p>\t\t\t\t\t\t\t\t<\/div>\n\t\t\t\t<\/div>\n\t\t\t\t\t<\/div>\n\t\t<\/div>\n\t\t\t\t\t<\/div>\n\t\t<\/section>\n\t\t\t\t<\/div>","protected":false},"excerpt":{"rendered":"<p>Registration \u00a0 \u00a0 We recommend early registration and reservation of accommodation. The EGD-rating on\u00a016th August 2024 at 10:00 AM\u00a0will be used to define top groups and for pairing purposes, There is a multi-lingual registration form for SEYGO event (please enter your birthdate). We expect all parents and accompanying persons to register using the same form. [&hellip;]<\/p>","protected":false},"author":1,"featured_media":0,"parent":0,"menu_order":0,"comment_status":"closed","ping_status":"closed","template":"","meta":{"site-sidebar-layout":"no-sidebar","site-content-layout":"page-builder","ast-site-content-layout":"default","site-content-style":"default","site-sidebar-style":"default","ast-global-header-display":"","ast-banner-title-visibility":"","ast-main-header-display":"","ast-hfb-above-header-display":"","ast-hfb-below-header-display":"","ast-hfb-mobile-header-display":"","site-post-title":"disabled","ast-breadcrumbs-content":"","ast-featured-img":"disabled","footer-sml-layout":"","ast-disable-related-posts":"","theme-transparent-header-meta":"enabled","adv-header-id-meta":"","stick-header-meta":"","header-above-stick-meta":"","header-main-stick-meta":"","header-below-stick-meta":"","astra-migrate-meta-layouts":"default","ast-page-background-enabled":"default","ast-page-background-meta":{"desktop":{"background-color":"","background-image":"","background-repeat":"repeat","background-position":"center center","background-size":"auto","background-attachment":"scroll","background-type":"","background-media":"","overlay-type":"","overlay-color":"","overlay-opacity":"","overlay-gradient":""},"tablet":{"background-color":"","background-image":"","background-repeat":"repeat","background-position":"center center","background-size":"auto","background-attachment":"scroll","background-type":"","background-media":"","overlay-type":"","overlay-color":"","overlay-opacity":"","overlay-gradient":""},"mobile":{"background-color":"","background-image":"","background-repeat":"repeat","background-position":"center center","background-size":"auto","background-attachment":"scroll","background-type":"","background-media":"","overlay-type":"","overlay-color":"","overlay-opacity":"","overlay-gradient":""}},"ast-content-background-meta":{"desktop":{"background-color":"var(--ast-global-color-5)","background-image":"","background-repeat":"repeat","background-position":"center center","background-size":"auto","background-attachment":"scroll","background-type":"","background-media":"","overlay-type":"","overlay-color":"","overlay-opacity":"","overlay-gradient":""},"tablet":{"background-color":"var(--ast-global-color-5)","background-image":"","background-repeat":"repeat","background-position":"center center","background-size":"auto","background-attachment":"scroll","background-type":"","background-media":"","overlay-type":"","overlay-color":"","overlay-opacity":"","overlay-gradient":""},"mobile":{"background-color":"var(--ast-global-color-5)","background-image":"","background-repeat":"repeat","background-position":"center center","background-size":"auto","background-attachment":"scroll","background-type":"","background-media":"","overlay-type":"","overlay-color":"","overlay-opacity":"","overlay-gradient":""}},"footnotes":""},"class_list":["post-430","page","type-page","status-publish","hentry"],"_links":{"self":[{"href":"http:\/\/seygo.hgos.hr\/hr\/wp-json\/wp\/v2\/pages\/430","targetHints":{"allow":["GET"]}}],"collection":[{"href":"http:\/\/seygo.hgos.hr\/hr\/wp-json\/wp\/v2\/pages"}],"about":[{"href":"http:\/\/seygo.hgos.hr\/hr\/wp-json\/wp\/v2\/types\/page"}],"author":[{"embeddable":true,"href":"http:\/\/seygo.hgos.hr\/hr\/wp-json\/wp\/v2\/users\/1"}],"replies":[{"embeddable":true,"href":"http:\/\/seygo.hgos.hr\/hr\/wp-json\/wp\/v2\/comments?post=430"}],"version-history":[{"count":0,"href":"http:\/\/seygo.hgos.hr\/hr\/wp-json\/wp\/v2\/pages\/430\/revisions"}],"wp:attachment":[{"href":"http:\/\/seygo.hgos.hr\/hr\/wp-json\/wp\/v2\/media?parent=430"}],"curies":[{"name":"wp","href":"https:\/\/api.w.org\/{rel}","templated":true}]}}