{"id":1102,"date":"2020-02-22T15:04:18","date_gmt":"2020-02-22T15:04:18","guid":{"rendered":"https:\/\/seygo.hgos.hr\/?page_id=1102"},"modified":"2025-08-04T16:48:48","modified_gmt":"2025-08-04T14:48:48","slug":"camp-activities","status":"publish","type":"page","link":"http:\/\/seygo.hgos.hr\/hr\/camp-activities\/","title":{"rendered":"Camp Activities"},"content":{"rendered":"<div data-elementor-type=\"wp-page\" data-elementor-id=\"1102\" class=\"elementor elementor-1102\">\n\t\t\t\t\t\t<section class=\"elementor-section elementor-top-section elementor-element elementor-element-b8815c5 elementor-section-boxed elementor-section-height-default elementor-section-height-default\" data-id=\"b8815c5\" data-element_type=\"section\">\n\t\t\t\t\t\t<div class=\"elementor-container elementor-column-gap-default\">\n\t\t\t\t\t<div class=\"elementor-column elementor-col-100 elementor-top-column elementor-element elementor-element-86b049a\" data-id=\"86b049a\" data-element_type=\"column\">\n\t\t\t<div class=\"elementor-widget-wrap elementor-element-populated\">\n\t\t\t\t\t\t<div class=\"elementor-element elementor-element-c44ca3f elementor-widget elementor-widget-heading\" data-id=\"c44ca3f\" data-element_type=\"widget\" data-widget_type=\"heading.default\">\n\t\t\t\t<div class=\"elementor-widget-container\">\n\t\t\t\t\t<h2 class=\"elementor-heading-title elementor-size-default\">Go Reviews and Lectures<\/h2>\t\t\t\t<\/div>\n\t\t\t\t<\/div>\n\t\t\t\t<section class=\"elementor-section elementor-inner-section elementor-element elementor-element-8a06319 elementor-section-boxed elementor-section-height-default elementor-section-height-default\" data-id=\"8a06319\" data-element_type=\"section\">\n\t\t\t\t\t\t<div class=\"elementor-container elementor-column-gap-default\">\n\t\t\t\t\t<div class=\"elementor-column elementor-col-50 elementor-inner-column elementor-element elementor-element-6189785\" data-id=\"6189785\" data-element_type=\"column\">\n\t\t\t<div class=\"elementor-widget-wrap elementor-element-populated\">\n\t\t\t\t\t\t<div class=\"elementor-element elementor-element-2e7b9e1 elementor-widget elementor-widget-text-editor\" data-id=\"2e7b9e1\" data-element_type=\"widget\" data-widget_type=\"text-editor.default\">\n\t\t\t\t<div class=\"elementor-widget-container\">\n\t\t\t\t\t\t\t\t\t<p>During the Go camp, young Go players of all levels are enjoying the lectures and reviews by recognized Go teachers. We are happy to announce that\u00a0<b>Mateusz Surma, 3p, European Champion 2025<\/b>, and founder of Polgote.<\/p>\t\t\t\t\t\t\t\t<\/div>\n\t\t\t\t<\/div>\n\t\t\t\t<div class=\"elementor-element elementor-element-03f5d7e elementor-widget elementor-widget-text-editor\" data-id=\"03f5d7e\" data-element_type=\"widget\" data-widget_type=\"text-editor.default\">\n\t\t\t\t<div class=\"elementor-widget-container\">\n\t\t\t\t\t\t\t\t\t<p>The lectures will be organized each day, focusing on different parts of the game of Go. Since two games of each round will be automatically recorded using IZIS boards, Mateusz will have a plenty of material to go through.<\/p>\t\t\t\t\t\t\t\t<\/div>\n\t\t\t\t<\/div>\n\t\t\t\t<div class=\"elementor-element elementor-element-18d15bc elementor-widget elementor-widget-text-editor\" data-id=\"18d15bc\" data-element_type=\"widget\" data-widget_type=\"text-editor.default\">\n\t\t\t\t<div class=\"elementor-widget-container\">\n\t\t\t\t\t\t\t\t\t<p><b>All camp activities for participants accommodated in the Hostel Zaostrog are included in the package. For participants residing elsewhere the price is 75<\/b><b>&nbsp;EUR for the camp activities (it includes fee for SEYGO tournament and Zaostrog Rapid).<\/b><\/p>\t\t\t\t\t\t\t\t<\/div>\n\t\t\t\t<\/div>\n\t\t\t\t\t<\/div>\n\t\t<\/div>\n\t\t\t\t<div class=\"elementor-column elementor-col-50 elementor-inner-column elementor-element elementor-element-8fd1a0c\" data-id=\"8fd1a0c\" data-element_type=\"column\">\n\t\t\t<div class=\"elementor-widget-wrap elementor-element-populated\">\n\t\t\t\t\t\t<div class=\"elementor-element elementor-element-c759b8f elementor-widget__width-initial elementor-widget elementor-widget-image\" data-id=\"c759b8f\" data-element_type=\"widget\" data-widget_type=\"image.default\">\n\t\t\t\t<div class=\"elementor-widget-container\">\n\t\t\t\t\t\t\t\t\t\t\t\t\t\t\t<img fetchpriority=\"high\" decoding=\"async\" width=\"234\" height=\"300\" src=\"http:\/\/seygo.hgos.hr\/wp-content\/uploads\/2025\/06\/Mateusz1-234x300.jpg\" class=\"attachment-medium size-medium wp-image-4057\" alt=\"\" srcset=\"http:\/\/seygo.hgos.hr\/wp-content\/uploads\/2025\/06\/Mateusz1-234x300.jpg 234w, http:\/\/seygo.hgos.hr\/wp-content\/uploads\/2025\/06\/Mateusz1-9x12.jpg 9w, http:\/\/seygo.hgos.hr\/wp-content\/uploads\/2025\/06\/Mateusz1.jpg 414w\" sizes=\"(max-width: 234px) 100vw, 234px\" \/>\t\t\t\t\t\t\t\t\t\t\t\t\t\t\t<\/div>\n\t\t\t\t<\/div>\n\t\t\t\t\t<\/div>\n\t\t<\/div>\n\t\t\t\t\t<\/div>\n\t\t<\/section>\n\t\t\t\t\t<\/div>\n\t\t<\/div>\n\t\t\t\t\t<\/div>\n\t\t<\/section>\n\t\t\t\t<section class=\"elementor-section elementor-top-section elementor-element elementor-element-cb69884 elementor-section-boxed elementor-section-height-default elementor-section-height-default\" data-id=\"cb69884\" data-element_type=\"section\">\n\t\t\t\t\t\t<div class=\"elementor-container elementor-column-gap-default\">\n\t\t\t\t\t<div class=\"elementor-column elementor-col-100 elementor-top-column elementor-element elementor-element-96e02d4\" data-id=\"96e02d4\" data-element_type=\"column\">\n\t\t\t<div class=\"elementor-widget-wrap elementor-element-populated\">\n\t\t\t\t\t\t<div class=\"elementor-element elementor-element-ecf73f6 elementor-widget elementor-widget-heading\" data-id=\"ecf73f6\" data-element_type=\"widget\" data-widget_type=\"heading.default\">\n\t\t\t\t<div class=\"elementor-widget-container\">\n\t\t\t\t\t<h2 class=\"elementor-heading-title elementor-size-default\">Rje\u0161avanje problema<\/h2>\t\t\t\t<\/div>\n\t\t\t\t<\/div>\n\t\t\t\t<section class=\"elementor-section elementor-inner-section elementor-element elementor-element-e862eb2 elementor-section-boxed elementor-section-height-default elementor-section-height-default\" data-id=\"e862eb2\" data-element_type=\"section\">\n\t\t\t\t\t\t<div class=\"elementor-container elementor-column-gap-default\">\n\t\t\t\t\t<div class=\"elementor-column elementor-col-50 elementor-inner-column elementor-element elementor-element-2e44765\" data-id=\"2e44765\" data-element_type=\"column\">\n\t\t\t<div class=\"elementor-widget-wrap elementor-element-populated\">\n\t\t\t\t\t\t<div class=\"elementor-element elementor-element-b2a9362 elementor-widget elementor-widget-text-editor\" data-id=\"b2a9362\" data-element_type=\"widget\" data-widget_type=\"text-editor.default\">\n\t\t\t\t<div class=\"elementor-widget-container\">\n\t\t\t\t\t\t\t\t\t<p>Rje\u0161avanje Go problema (Tsumego) je temeljna vje\u0161tina koju trebaju sustavno vje\u017ebati svi igra\u010di Goa bez obzira na dob i snagu.<\/p>\t\t\t\t\t\t\t\t<\/div>\n\t\t\t\t<\/div>\n\t\t\t\t<div class=\"elementor-element elementor-element-d9db53c elementor-widget elementor-widget-text-editor\" data-id=\"d9db53c\" data-element_type=\"widget\" data-widget_type=\"text-editor.default\">\n\t\t\t\t<div class=\"elementor-widget-container\">\n\t\t\t\t\t\t\t\t\t<p>Ljetni go kamp u Zaostrogu ima tradicionalno natjecanje u rje\u0161avanju problema koje organiziraju <b>Elian Grigoriu, 6d<\/b>i <b>Mirta Medak, 3d:<\/b><\/p>\t\t\t\t\t\t\t\t<\/div>\n\t\t\t\t<\/div>\n\t\t\t\t<div class=\"elementor-element elementor-element-98ea89e elementor-widget elementor-widget-text-editor\" data-id=\"98ea89e\" data-element_type=\"widget\" data-widget_type=\"text-editor.default\">\n\t\t\t\t<div class=\"elementor-widget-container\">\n\t\t\t\t\t\t\t\t\t<ul><li>Sudionici su podijeljeni u 3-4 skupine prema Go rejtingu.<\/li><li>Svaka skupina dobiva posebno pripremljenu grupu Go problema svakog dana.<\/li><li>Vrijeme za rje\u0161avanje problema je ograni\u010deno.\u00a0<\/li><li><span style=\"font-size: 16px;\">Broj bodova osvojenih za to\u010dno rije\u0161ene probleme se svakodnevno a\u017eurira.<\/span><\/li><li>Najbolji rje\u0161ava\u010di u svakoj skupini bit \u0107e nagra\u0111eni medaljama.<\/li><\/ul>\t\t\t\t\t\t\t\t<\/div>\n\t\t\t\t<\/div>\n\t\t\t\t\t<\/div>\n\t\t<\/div>\n\t\t\t\t<div class=\"elementor-column elementor-col-50 elementor-inner-column elementor-element elementor-element-8e758e9\" data-id=\"8e758e9\" data-element_type=\"column\">\n\t\t\t<div class=\"elementor-widget-wrap elementor-element-populated\">\n\t\t\t\t\t\t<div class=\"elementor-element elementor-element-b24663e elementor-widget elementor-widget-image\" data-id=\"b24663e\" data-element_type=\"widget\" data-widget_type=\"image.default\">\n\t\t\t\t<div class=\"elementor-widget-container\">\n\t\t\t\t\t\t\t\t\t\t\t\t\t\t\t<img decoding=\"async\" width=\"768\" height=\"576\" src=\"http:\/\/seygo.hgos.hr\/wp-content\/uploads\/2021\/05\/Lekcija_napredni-768x576.jpg\" class=\"attachment-medium_large size-medium_large wp-image-2483\" alt=\"\" srcset=\"http:\/\/seygo.hgos.hr\/wp-content\/uploads\/2021\/05\/Lekcija_napredni-768x576.jpg 768w, http:\/\/seygo.hgos.hr\/wp-content\/uploads\/2021\/05\/Lekcija_napredni-300x225.jpg 300w, http:\/\/seygo.hgos.hr\/wp-content\/uploads\/2021\/05\/Lekcija_napredni-1024x768.jpg 1024w, http:\/\/seygo.hgos.hr\/wp-content\/uploads\/2021\/05\/Lekcija_napredni-1536x1152.jpg 1536w, http:\/\/seygo.hgos.hr\/wp-content\/uploads\/2021\/05\/Lekcija_napredni-16x12.jpg 16w, http:\/\/seygo.hgos.hr\/wp-content\/uploads\/2021\/05\/Lekcija_napredni.jpg 1600w\" sizes=\"(max-width: 768px) 100vw, 768px\" \/>\t\t\t\t\t\t\t\t\t\t\t\t\t\t\t<\/div>\n\t\t\t\t<\/div>\n\t\t\t\t\t<\/div>\n\t\t<\/div>\n\t\t\t\t\t<\/div>\n\t\t<\/section>\n\t\t\t\t\t<\/div>\n\t\t<\/div>\n\t\t\t\t\t<\/div>\n\t\t<\/section>\n\t\t\t\t<section class=\"elementor-section elementor-top-section elementor-element elementor-element-629719b elementor-section-boxed elementor-section-height-default elementor-section-height-default\" data-id=\"629719b\" data-element_type=\"section\">\n\t\t\t\t\t\t<div class=\"elementor-container elementor-column-gap-default\">\n\t\t\t\t\t<div class=\"elementor-column elementor-col-100 elementor-top-column elementor-element elementor-element-fc95dfd\" data-id=\"fc95dfd\" data-element_type=\"column\">\n\t\t\t<div class=\"elementor-widget-wrap elementor-element-populated\">\n\t\t\t\t\t\t<div class=\"elementor-element elementor-element-d262589 elementor-widget elementor-widget-heading\" data-id=\"d262589\" data-element_type=\"widget\" data-widget_type=\"heading.default\">\n\t\t\t\t<div class=\"elementor-widget-container\">\n\t\t\t\t\t<h2 class=\"elementor-heading-title elementor-size-default\">Podvodni go<\/h2>\t\t\t\t<\/div>\n\t\t\t\t<\/div>\n\t\t\t\t\t<\/div>\n\t\t<\/div>\n\t\t\t\t\t<\/div>\n\t\t<\/section>\n\t\t\t\t<section class=\"elementor-section elementor-top-section elementor-element elementor-element-a4965d1 elementor-section-boxed elementor-section-height-default elementor-section-height-default\" data-id=\"a4965d1\" data-element_type=\"section\">\n\t\t\t\t\t\t<div class=\"elementor-container elementor-column-gap-default\">\n\t\t\t\t\t<div class=\"elementor-column elementor-col-100 elementor-top-column elementor-element elementor-element-44291e6\" data-id=\"44291e6\" data-element_type=\"column\">\n\t\t\t<div class=\"elementor-widget-wrap elementor-element-populated\">\n\t\t\t\t\t\t<div class=\"elementor-element elementor-element-b73432a elementor-widget elementor-widget-text-editor\" data-id=\"b73432a\" data-element_type=\"widget\" data-widget_type=\"text-editor.default\">\n\t\t\t\t<div class=\"elementor-widget-container\">\n\t\t\t\t\t\t\t\t\t<p>Ova kombinacija plivanja, ronjenja i igranja goa izmi\u0161ljena je za vrijeme 1. Go kampa u Zaostrogu odr\u017eanog 2019. godine. Igra se prema sljede\u0107im pravilima:<\/p>\t\t\t\t\t\t\t\t<\/div>\n\t\t\t\t<\/div>\n\t\t\t\t<section class=\"elementor-section elementor-inner-section elementor-element elementor-element-75cd84a elementor-section-boxed elementor-section-height-default elementor-section-height-default\" data-id=\"75cd84a\" data-element_type=\"section\">\n\t\t\t\t\t\t<div class=\"elementor-container elementor-column-gap-default\">\n\t\t\t\t\t<div class=\"elementor-column elementor-col-50 elementor-inner-column elementor-element elementor-element-a539c50\" data-id=\"a539c50\" data-element_type=\"column\">\n\t\t\t<div class=\"elementor-widget-wrap elementor-element-populated\">\n\t\t\t\t\t\t<div class=\"elementor-element elementor-element-7f5901f elementor-widget elementor-widget-text-editor\" data-id=\"7f5901f\" data-element_type=\"widget\" data-widget_type=\"text-editor.default\">\n\t\t\t\t<div class=\"elementor-widget-container\">\n\t\t\t\t\t\t\t\t\t<ul><li>Magnetska demo plo\u010da dimenzija 9x9 postavlja se na metalnu \u0161ahovsku demo plo\u010du na dubini od oko 130 cm.<\/li><li>Mladi igra\u010di su podijeljeni u timove razli\u010dite snage igranja igoa i vje\u0161tine ronjenja.<\/li><li>Igra\u010di su udaljeni najmanje 5 metara od mjesta gdje je uronjena Go plo\u010da. Naizmjeni\u010dno plivaju do plo\u010de, gdje od suca dobivaju kamen\u010di\u0107. Igra\u010di mogu analizirati poziciju samo za vrijeme dok imaju glavu ispod vode. Hodanje po morskom dnu nije  dozvoljeno.<\/li><li>Nakon \u0161to igra\u010d zaroni i postavi kamen\u010di\u0107, sudac prema potrebi popravlja polo\u017eaj pomaknutih kamen\u010di\u0107a, odnosno uklanja zarobljenike.<\/li><li>Ako je na nekom mjestu aktivan \"ko\", podvodni sudac signalizira mjesto nemogu\u0107eg poteza.<\/li><\/ul>\t\t\t\t\t\t\t\t<\/div>\n\t\t\t\t<\/div>\n\t\t\t\t\t<\/div>\n\t\t<\/div>\n\t\t\t\t<div class=\"elementor-column elementor-col-50 elementor-inner-column elementor-element elementor-element-2102ade\" data-id=\"2102ade\" data-element_type=\"column\">\n\t\t\t<div class=\"elementor-widget-wrap elementor-element-populated\">\n\t\t\t\t\t\t<div class=\"elementor-element elementor-element-a790980 elementor-widget elementor-widget-image\" data-id=\"a790980\" data-element_type=\"widget\" data-widget_type=\"image.default\">\n\t\t\t\t<div class=\"elementor-widget-container\">\n\t\t\t\t\t\t\t\t\t\t\t\t\t\t\t<img decoding=\"async\" src=\"http:\/\/seygo.hgos.hr\/wp-content\/uploads\/elementor\/thumbs\/Poslije_podvodnog_goa-p6vnm3qcbq1zz3x81inzbnbmstnvucp0uqiqukseow.jpg\" title=\"Poslije_podvodnog_goa\" alt=\"Poslije_podvodnog_goa\" loading=\"lazy\" \/>\t\t\t\t\t\t\t\t\t\t\t\t\t\t\t<\/div>\n\t\t\t\t<\/div>\n\t\t\t\t\t<\/div>\n\t\t<\/div>\n\t\t\t\t\t<\/div>\n\t\t<\/section>\n\t\t\t\t\t<\/div>\n\t\t<\/div>\n\t\t\t\t\t<\/div>\n\t\t<\/section>\n\t\t\t\t<section class=\"elementor-section elementor-top-section elementor-element elementor-element-de830c0 elementor-section-boxed elementor-section-height-default elementor-section-height-default\" data-id=\"de830c0\" data-element_type=\"section\">\n\t\t\t\t\t\t<div class=\"elementor-container elementor-column-gap-default\">\n\t\t\t\t\t<div class=\"elementor-column elementor-col-100 elementor-top-column elementor-element elementor-element-2ebc5a7\" data-id=\"2ebc5a7\" data-element_type=\"column\">\n\t\t\t<div class=\"elementor-widget-wrap elementor-element-populated\">\n\t\t\t\t\t\t<div class=\"elementor-element elementor-element-00976a1 elementor-widget elementor-widget-heading\" data-id=\"00976a1\" data-element_type=\"widget\" data-widget_type=\"heading.default\">\n\t\t\t\t<div class=\"elementor-widget-container\">\n\t\t\t\t\t<h2 class=\"elementor-heading-title elementor-size-default\">Okusi goa:<\/h2>\t\t\t\t<\/div>\n\t\t\t\t<\/div>\n\t\t\t\t<div class=\"elementor-element elementor-element-7c6442c elementor-widget elementor-widget-text-editor\" data-id=\"7c6442c\" data-element_type=\"widget\" data-widget_type=\"text-editor.default\">\n\t\t\t\t<div class=\"elementor-widget-container\">\n\t\t\t\t\t\t\t\t\t<ul><li>Parski go<\/li><li>\u0160ah i go (tako\u0111er u parovima)<\/li><li>Relay Go<\/li><\/ul>\t\t\t\t\t\t\t\t<\/div>\n\t\t\t\t<\/div>\n\t\t\t\t\t<\/div>\n\t\t<\/div>\n\t\t\t\t\t<\/div>\n\t\t<\/section>\n\t\t\t\t<\/div>","protected":false},"excerpt":{"rendered":"<p>Go Reviews and Lectures During the Go camp, young Go players of all levels are enjoying the lectures and reviews by recognized Go teachers. We are happy to announce that\u00a0Mateusz Surma, 3p, European Champion 2025, and founder of Polgote. The lectures will be organized each day, focusing on different parts of the game of Go. [&hellip;]<\/p>","protected":false},"author":1,"featured_media":0,"parent":0,"menu_order":0,"comment_status":"closed","ping_status":"closed","template":"","meta":{"site-sidebar-layout":"no-sidebar","site-content-layout":"page-builder","ast-site-content-layout":"full-width-container","site-content-style":"unboxed","site-sidebar-style":"unboxed","ast-global-header-display":"","ast-banner-title-visibility":"","ast-main-header-display":"","ast-hfb-above-header-display":"","ast-hfb-below-header-display":"","ast-hfb-mobile-header-display":"","site-post-title":"disabled","ast-breadcrumbs-content":"","ast-featured-img":"disabled","footer-sml-layout":"","ast-disable-related-posts":"","theme-transparent-header-meta":"default","adv-header-id-meta":"","stick-header-meta":"","header-above-stick-meta":"","header-main-stick-meta":"","header-below-stick-meta":"","astra-migrate-meta-layouts":"set","ast-page-background-enabled":"default","ast-page-background-meta":{"desktop":{"background-color":"","background-image":"","background-repeat":"repeat","background-position":"center center","background-size":"auto","background-attachment":"scroll","background-type":"","background-media":"","overlay-type":"","overlay-color":"","overlay-opacity":"","overlay-gradient":""},"tablet":{"background-color":"","background-image":"","background-repeat":"repeat","background-position":"center center","background-size":"auto","background-attachment":"scroll","background-type":"","background-media":"","overlay-type":"","overlay-color":"","overlay-opacity":"","overlay-gradient":""},"mobile":{"background-color":"","background-image":"","background-repeat":"repeat","background-position":"center center","background-size":"auto","background-attachment":"scroll","background-type":"","background-media":"","overlay-type":"","overlay-color":"","overlay-opacity":"","overlay-gradient":""}},"ast-content-background-meta":{"desktop":{"background-color":"var(--ast-global-color-5)","background-image":"","background-repeat":"repeat","background-position":"center center","background-size":"auto","background-attachment":"scroll","background-type":"","background-media":"","overlay-type":"","overlay-color":"","overlay-opacity":"","overlay-gradient":""},"tablet":{"background-color":"var(--ast-global-color-5)","background-image":"","background-repeat":"repeat","background-position":"center center","background-size":"auto","background-attachment":"scroll","background-type":"","background-media":"","overlay-type":"","overlay-color":"","overlay-opacity":"","overlay-gradient":""},"mobile":{"background-color":"var(--ast-global-color-5)","background-image":"","background-repeat":"repeat","background-position":"center center","background-size":"auto","background-attachment":"scroll","background-type":"","background-media":"","overlay-type":"","overlay-color":"","overlay-opacity":"","overlay-gradient":""}},"footnotes":""},"class_list":["post-1102","page","type-page","status-publish","hentry"],"_links":{"self":[{"href":"http:\/\/seygo.hgos.hr\/hr\/wp-json\/wp\/v2\/pages\/1102","targetHints":{"allow":["GET"]}}],"collection":[{"href":"http:\/\/seygo.hgos.hr\/hr\/wp-json\/wp\/v2\/pages"}],"about":[{"href":"http:\/\/seygo.hgos.hr\/hr\/wp-json\/wp\/v2\/types\/page"}],"author":[{"embeddable":true,"href":"http:\/\/seygo.hgos.hr\/hr\/wp-json\/wp\/v2\/users\/1"}],"replies":[{"embeddable":true,"href":"http:\/\/seygo.hgos.hr\/hr\/wp-json\/wp\/v2\/comments?post=1102"}],"version-history":[{"count":0,"href":"http:\/\/seygo.hgos.hr\/hr\/wp-json\/wp\/v2\/pages\/1102\/revisions"}],"wp:attachment":[{"href":"http:\/\/seygo.hgos.hr\/hr\/wp-json\/wp\/v2\/media?parent=1102"}],"curies":[{"name":"wp","href":"https:\/\/api.w.org\/{rel}","templated":true}]}}